{"id":201,"date":"2018-10-23T07:33:09","date_gmt":"2018-10-23T07:33:09","guid":{"rendered":"https:\/\/woostify.com\/demos\/fashion1\/?page_id=201"},"modified":"2026-01-30T17:21:38","modified_gmt":"2026-01-30T20:21:38","slug":"contato","status":"publish","type":"page","link":"https:\/\/banto.cc\/loja\/contato\/","title":{"rendered":"Contato"},"content":{"rendered":"\t\t<div data-elementor-type=\"wp-post\" data-elementor-id=\"201\" class=\"elementor elementor-201\">\n\t\t\t\t<div class=\"elementor-element elementor-element-ee7106c e-flex e-con-boxed wpr-particle-no wpr-jarallax-no wpr-parallax-no wpr-sticky-section-no e-con e-parent\" data-id=\"ee7106c\" data-element_type=\"container\" data-e-type=\"container\">\n\t\t\t\t\t<div class=\"e-con-inner\">\n\t\t<div class=\"elementor-element elementor-element-1b06bf1 e-con-full e-flex wpr-particle-no wpr-jarallax-no wpr-parallax-no wpr-sticky-section-no e-con e-child\" data-id=\"1b06bf1\" data-element_type=\"container\" data-e-type=\"container\">\n\t\t\t\t<div class=\"elementor-element elementor-element-925f3ac elementor-widget elementor-widget-heading\" data-id=\"925f3ac\" data-element_type=\"widget\" data-e-type=\"widget\" data-widget_type=\"heading.default\">\n\t\t\t\t<div class=\"elementor-widget-container\">\n\t\t\t\t\t<h2 class=\"elementor-heading-title elementor-size-default\">Entre em contato<\/h2>\t\t\t\t<\/div>\n\t\t\t\t<\/div>\n\t\t\t\t<\/div>\n\t\t\t\t\t<\/div>\n\t\t\t\t<\/div>\n\t\t<div class=\"elementor-element elementor-element-f22860c e-flex e-con-boxed wpr-particle-no wpr-jarallax-no wpr-parallax-no wpr-sticky-section-no e-con e-parent\" data-id=\"f22860c\" data-element_type=\"container\" data-e-type=\"container\">\n\t\t\t\t\t<div class=\"e-con-inner\">\n\t\t<div class=\"elementor-element elementor-element-c1aabdf e-con-full e-flex wpr-particle-no wpr-jarallax-no wpr-parallax-no wpr-sticky-section-no e-con e-child\" data-id=\"c1aabdf\" data-element_type=\"container\" data-e-type=\"container\">\n\t\t\t\t<div class=\"elementor-element elementor-element-a00829f elementor-widget elementor-widget-text-editor\" data-id=\"a00829f\" data-element_type=\"widget\" data-e-type=\"widget\" data-widget_type=\"text-editor.default\">\n\t\t\t\t<div class=\"elementor-widget-container\">\n\t\t\t\t\t\t\t\t\tPara obter mais informa\u00e7\u00f5es sobre nossos produtos e servi\u00e7os,<\/br> sinta-se \u00e0 vontade para nos enviar um e-mail. <\/br> Nossa equipe estar\u00e1 sempre \u00e0 disposi\u00e7\u00e3o para ajud\u00e1-lo(a). N\u00e3o hesite!\t\t\t\t\t\t\t\t<\/div>\n\t\t\t\t<\/div>\n\t\t\t\t<\/div>\n\t\t\t\t\t<\/div>\n\t\t\t\t<\/div>\n\t\t<div class=\"elementor-element elementor-element-394e9af e-flex e-con-boxed wpr-particle-no wpr-jarallax-no wpr-parallax-no wpr-sticky-section-no e-con e-parent\" data-id=\"394e9af\" data-element_type=\"container\" data-e-type=\"container\">\n\t\t\t\t\t<div class=\"e-con-inner\">\n\t\t<div class=\"elementor-element elementor-element-3f9c230 e-con-full e-flex wpr-particle-no wpr-jarallax-no wpr-parallax-no wpr-sticky-section-no e-con e-child\" data-id=\"3f9c230\" data-element_type=\"container\" data-e-type=\"container\">\n\t\t<div class=\"elementor-element elementor-element-07ae58c e-con-full e-flex wpr-particle-no wpr-jarallax-no wpr-parallax-no wpr-sticky-section-no e-con e-child\" data-id=\"07ae58c\" data-element_type=\"container\" data-e-type=\"container\">\n\t\t<div class=\"elementor-element elementor-element-98b56f1 e-con-full e-flex wpr-particle-no wpr-jarallax-no wpr-parallax-no wpr-sticky-section-no e-con e-child\" data-id=\"98b56f1\" data-element_type=\"container\" data-e-type=\"container\">\n\t\t\t\t<div class=\"elementor-element elementor-element-88cfa42 elementor-widget elementor-widget-image\" data-id=\"88cfa42\" data-element_type=\"widget\" data-e-type=\"widget\" data-widget_type=\"image.default\">\n\t\t\t\t<div class=\"elementor-widget-container\">\n\t\t\t\t\t\t\t\t\t\t\t\t\t\t\t<img decoding=\"async\" width=\"50\" height=\"50\" src=\"https:\/\/banto.cc\/loja\/wp-content\/uploads\/2021\/12\/icon-phone.png\" class=\"attachment-full size-full wp-image-1100\" alt=\"\" \/>\t\t\t\t\t\t\t\t\t\t\t\t\t\t\t<\/div>\n\t\t\t\t<\/div>\n\t\t\t\t<\/div>\n\t\t<div class=\"elementor-element elementor-element-26d3546 e-con-full e-flex wpr-particle-no wpr-jarallax-no wpr-parallax-no wpr-sticky-section-no e-con e-child\" data-id=\"26d3546\" data-element_type=\"container\" data-e-type=\"container\">\n\t\t\t\t<div class=\"elementor-element elementor-element-6745579 elementor-widget elementor-widget-heading\" data-id=\"6745579\" data-element_type=\"widget\" data-e-type=\"widget\" data-widget_type=\"heading.default\">\n\t\t\t\t<div class=\"elementor-widget-container\">\n\t\t\t\t\t<h2 class=\"elementor-heading-title elementor-size-default\">Telefone e email<\/h2>\t\t\t\t<\/div>\n\t\t\t\t<\/div>\n\t\t\t\t<div class=\"elementor-element elementor-element-c73b250 elementor-widget elementor-widget-text-editor\" data-id=\"c73b250\" data-element_type=\"widget\" data-e-type=\"widget\" data-widget_type=\"text-editor.default\">\n\t\t\t\t<div class=\"elementor-widget-container\">\n\t\t\t\t\t\t\t\t\t<p>bantoestudio@gmail.com<\/p><p>(31) 99157-0469<\/p>\t\t\t\t\t\t\t\t<\/div>\n\t\t\t\t<\/div>\n\t\t\t\t<\/div>\n\t\t\t\t<\/div>\n\t\t<div class=\"elementor-element elementor-element-e517148 e-con-full e-flex wpr-particle-no wpr-jarallax-no wpr-parallax-no wpr-sticky-section-no e-con e-child\" data-id=\"e517148\" data-element_type=\"container\" data-e-type=\"container\">\n\t\t<div class=\"elementor-element elementor-element-389ed83 e-con-full e-flex wpr-particle-no wpr-jarallax-no wpr-parallax-no wpr-sticky-section-no e-con e-child\" data-id=\"389ed83\" data-element_type=\"container\" data-e-type=\"container\">\n\t\t\t\t<div class=\"elementor-element elementor-element-8f736aa elementor-widget elementor-widget-image\" data-id=\"8f736aa\" data-element_type=\"widget\" data-e-type=\"widget\" data-widget_type=\"image.default\">\n\t\t\t\t<div class=\"elementor-widget-container\">\n\t\t\t\t\t\t\t\t\t\t\t\t\t\t\t<img decoding=\"async\" width=\"50\" height=\"50\" src=\"https:\/\/banto.cc\/loja\/wp-content\/uploads\/2021\/12\/icon-clock.png\" class=\"attachment-full size-full wp-image-1099\" alt=\"\" \/>\t\t\t\t\t\t\t\t\t\t\t\t\t\t\t<\/div>\n\t\t\t\t<\/div>\n\t\t\t\t<\/div>\n\t\t<div class=\"elementor-element elementor-element-2eebe53 e-con-full e-flex wpr-particle-no wpr-jarallax-no wpr-parallax-no wpr-sticky-section-no e-con e-child\" data-id=\"2eebe53\" data-element_type=\"container\" data-e-type=\"container\">\n\t\t\t\t<div class=\"elementor-element elementor-element-0cb5335 elementor-widget elementor-widget-heading\" data-id=\"0cb5335\" data-element_type=\"widget\" data-e-type=\"widget\" data-widget_type=\"heading.default\">\n\t\t\t\t<div class=\"elementor-widget-container\">\n\t\t\t\t\t<h2 class=\"elementor-heading-title elementor-size-default\">Hor\u00e1rio de atendimento<\/h2>\t\t\t\t<\/div>\n\t\t\t\t<\/div>\n\t\t\t\t<div class=\"elementor-element elementor-element-0833905 elementor-widget elementor-widget-text-editor\" data-id=\"0833905\" data-element_type=\"widget\" data-e-type=\"widget\" data-widget_type=\"text-editor.default\">\n\t\t\t\t<div class=\"elementor-widget-container\">\n\t\t\t\t\t\t\t\t\t<p>Segunda a sexta: 9:00 &#8211; 17:00 <br \/><br \/><\/p>\t\t\t\t\t\t\t\t<\/div>\n\t\t\t\t<\/div>\n\t\t\t\t<\/div>\n\t\t\t\t<\/div>\n\t\t\t\t<\/div>\n\t\t<div class=\"elementor-element elementor-element-d0d97ba e-con-full e-flex wpr-particle-no wpr-jarallax-no wpr-parallax-no wpr-sticky-section-no e-con e-child\" data-id=\"d0d97ba\" data-element_type=\"container\" data-e-type=\"container\">\n\t\t\t\t<div class=\"elementor-element elementor-element-e52aca7 elementor-widget elementor-widget-heading\" data-id=\"e52aca7\" data-element_type=\"widget\" data-e-type=\"widget\" data-widget_type=\"heading.default\">\n\t\t\t\t<div class=\"elementor-widget-container\">\n\t\t\t\t\t<h5 class=\"elementor-heading-title elementor-size-default\">Envie sua mensagem no formul\u00e1rio<\/h5>\t\t\t\t<\/div>\n\t\t\t\t<\/div>\n\t\t\t\t<div class=\"elementor-element elementor-element-ff60619 elementor-widget elementor-widget-shortcode\" data-id=\"ff60619\" data-element_type=\"widget\" data-e-type=\"widget\" data-widget_type=\"shortcode.default\">\n\t\t\t\t<div class=\"elementor-widget-container\">\n\t\t\t\t\t\t\t<div class=\"elementor-shortcode\"><div class='fluentform ff-default fluentform_wrapper_8 ffs_default_wrap'><form data-form_id=\"8\" id=\"fluentform_8\" class=\"frm-fluent-form fluent_form_8 ff-el-form-top ff_form_instance_8_1 ff-form-loading ffs_default\" data-form_instance=\"ff_form_instance_8_1\" method=\"POST\" ><fieldset  style=\"border: none!important;margin: 0!important;padding: 0!important;background-color: transparent!important;box-shadow: none!important;outline: none!important; min-inline-size: 100%;\">\n                    <legend class=\"ff_screen_reader_title\" style=\"display: block; margin: 0!important;padding: 0!important;height: 0!important;text-indent: -999999px;width: 0!important;overflow:hidden;\">Contact Form Demo (#8)<\/legend><input type='hidden' name='__fluent_form_embded_post_id' value='201' \/><input type=\"hidden\" id=\"_fluentform_8_fluentformnonce\" name=\"_fluentform_8_fluentformnonce\" value=\"3fde2ef445\" \/><input type=\"hidden\" name=\"_wp_http_referer\" value=\"\/loja\/wp-json\/wp\/v2\/pages\/201\" \/><div data-type=\"name-element\" data-name=\"names\" class=\" ff-field_container ff-name-field-wrapper\" ><div class='ff-t-container'><div class='ff-t-cell '><div class='ff-el-group'><div class=\"ff-el-input--label ff-el-is-required asterisk-right\"><label for='ff_8_names_first_name_' id='label_ff_8_names_first_name_' >Nome <\/label><\/div><div class='ff-el-input--content'><input type=\"text\" name=\"names[first_name]\" id=\"ff_8_names_first_name_\" class=\"ff-el-form-control\" placeholder=\"Seu nome\" aria-invalid=\"false\" aria-required=true><\/div><\/div><\/div><\/div><\/div><div class='ff-el-group'><div class=\"ff-el-input--label ff-el-is-required asterisk-right\"><label for='ff_8_email' id='label_ff_8_email' aria-label=\"Email\">Email<\/label><\/div><div class='ff-el-input--content'><input type=\"email\" name=\"email\" id=\"ff_8_email\" class=\"ff-el-form-control\" placeholder=\"Seu melhor email\" data-name=\"email\"  aria-invalid=\"false\" aria-required=true><\/div><\/div><div class='ff-el-group'><div class=\"ff-el-input--label ff-el-is-required asterisk-right\"><label for='ff_8_subject' id='label_ff_8_subject' aria-label=\"Assunto\">Assunto<\/label><\/div><div class='ff-el-input--content'><input type=\"text\" name=\"subject\" class=\"ff-el-form-control\" placeholder=\"Assunto\" data-name=\"subject\" id=\"ff_8_subject\"  aria-invalid=\"false\" aria-required=true><\/div><\/div><div class='ff-el-group'><div class=\"ff-el-input--label ff-el-is-required asterisk-right\"><label for='ff_8_message' id='label_ff_8_message' aria-label=\"Sua mensagem\">Sua mensagem<\/label><\/div><div class='ff-el-input--content'><textarea aria-required=\"true\" aria-labelledby=\"label_ff_8_message\" name=\"message\" id=\"ff_8_message\" class=\"ff-el-form-control\" placeholder=\"Sua mensagem\" rows=\"4\" cols=\"2\" data-name=\"message\" ><\/textarea><\/div><\/div><div class='ff-el-group ff-text-left ff_submit_btn_wrapper'><button type=\"submit\" class=\"ff-btn ff-btn-submit ff-btn-md ff_btn_style\"  aria-label=\"Enviar mensagem\">Enviar mensagem<\/button><\/div><\/fieldset><\/form><div id='fluentform_8_errors' class='ff-errors-in-stack ff_form_instance_8_1 ff-form-loading_errors ff_form_instance_8_1_errors'><\/div><\/div>            <script type=\"text\/javascript\">\n                window.fluent_form_ff_form_instance_8_1 = {\"id\":\"8\",\"settings\":{\"layout\":{\"labelPlacement\":\"top\",\"asteriskPlacement\":\"asterisk-right\",\"helpMessagePlacement\":\"with_label\",\"errorMessagePlacement\":\"inline\",\"cssClassName\":\"\"},\"restrictions\":{\"denyEmptySubmission\":{\"enabled\":false}}},\"form_instance\":\"ff_form_instance_8_1\",\"form_id_selector\":\"fluentform_8\",\"rules\":{\"names[first_name]\":{\"required\":{\"value\":true,\"message\":\"Este campo \\u00e9 obrigat\\u00f3rio\",\"global\":true,\"global_message\":\"Este campo \\u00e9 obrigat\\u00f3rio\"}},\"names[middle_name]\":{\"required\":{\"value\":false,\"message\":\"Este campo \\u00e9 obrigat\\u00f3rio\",\"global\":true,\"global_message\":\"Este campo \\u00e9 obrigat\\u00f3rio\"}},\"names[last_name]\":{\"required\":{\"value\":false,\"message\":\"Este campo \\u00e9 obrigat\\u00f3rio\",\"global\":true,\"global_message\":\"Este campo \\u00e9 obrigat\\u00f3rio\"}},\"email\":{\"required\":{\"value\":true,\"message\":\"Este campo \\u00e9 obrigat\\u00f3rio\",\"global\":true,\"global_message\":\"Este campo \\u00e9 obrigat\\u00f3rio\"},\"email\":{\"value\":true,\"message\":\"Este campo deve conter um e-mail v\\u00e1lido\",\"global\":true,\"global_message\":\"Este campo deve conter um e-mail v\\u00e1lido\"}},\"subject\":{\"required\":{\"value\":true,\"message\":\"Este campo \\u00e9 obrigat\\u00f3rio\",\"global\":true,\"global_message\":\"Este campo \\u00e9 obrigat\\u00f3rio\"}},\"message\":{\"required\":{\"value\":true,\"message\":\"Este campo \\u00e9 obrigat\\u00f3rio\",\"global\":true,\"global_message\":\"Este campo \\u00e9 obrigat\\u00f3rio\"}}},\"debounce_time\":300};\n                            <\/script>\n            <\/div>\n\t\t\t\t\t\t<\/div>\n\t\t\t\t<\/div>\n\t\t\t\t<\/div>\n\t\t\t\t\t<\/div>\n\t\t\t\t<\/div>\n\t\t\t\t<\/div>\n\t\t","protected":false},"excerpt":{"rendered":"<p>Entre em contato Para obter mais informa\u00e7\u00f5es sobre nossos produtos e servi\u00e7os, sinta-se \u00e0 vontade para nos enviar um e-mail&#8230;.<\/p>\n","protected":false},"author":1,"featured_media":2821,"parent":0,"menu_order":0,"comment_status":"closed","ping_status":"closed","template":"","meta":{"footnotes":""},"class_list":["post-201","page","type-page","status-publish","has-post-thumbnail","hentry"],"yoast_head":"<!-- This site is optimized with the Yoast SEO plugin v27.3 - https:\/\/yoast.com\/product\/yoast-seo-wordpress\/ -->\n<title>Contato | Loja de arte online<\/title>\n<meta name=\"description\" content=\"Contato Banto | Entre em contato conosco por E-mail: bantoestudio@gmail.com | Segunda a Sexta 9h \u00e0s 17h\" \/>\n<meta name=\"robots\" content=\"index, follow, max-snippet:-1, max-image-preview:large, max-video-preview:-1\" \/>\n<link rel=\"canonical\" href=\"https:\/\/banto.cc\/loja\/contato\/\" \/>\n<meta property=\"og:locale\" content=\"pt_BR\" \/>\n<meta property=\"og:type\" content=\"article\" \/>\n<meta property=\"og:title\" content=\"Contato | Loja de arte online\" \/>\n<meta property=\"og:description\" content=\"Contato Banto | Entre em contato conosco por E-mail: bantoestudio@gmail.com | Segunda a Sexta 9h \u00e0s 17h\" \/>\n<meta property=\"og:url\" content=\"https:\/\/banto.cc\/loja\/contato\/\" \/>\n<meta property=\"og:site_name\" content=\"Loja de arte online\" \/>\n<meta property=\"article:publisher\" content=\"https:\/\/www.facebook.com\/bantocc\" \/>\n<meta property=\"article:modified_time\" content=\"2026-01-30T20:21:38+00:00\" \/>\n<meta property=\"og:image\" content=\"https:\/\/banto.cc\/loja\/wp-content\/uploads\/2025\/01\/cropped-Prancheta-1@2x-1.png\" \/>\n\t<meta property=\"og:image:width\" content=\"512\" \/>\n\t<meta property=\"og:image:height\" content=\"512\" \/>\n\t<meta property=\"og:image:type\" content=\"image\/png\" \/>\n<meta name=\"twitter:card\" content=\"summary_large_image\" \/>\n<meta name=\"twitter:site\" content=\"@CasaBanto\" \/>\n<meta name=\"twitter:label1\" content=\"Est. tempo de leitura\" \/>\n\t<meta name=\"twitter:data1\" content=\"1 minuto\" \/>\n<script type=\"application\/ld+json\" class=\"yoast-schema-graph\">{\"@context\":\"https:\\\/\\\/schema.org\",\"@graph\":[{\"@type\":\"WebPage\",\"@id\":\"https:\\\/\\\/banto.cc\\\/loja\\\/contato\\\/\",\"url\":\"https:\\\/\\\/banto.cc\\\/loja\\\/contato\\\/\",\"name\":\"Contato | Loja de arte online\",\"isPartOf\":{\"@id\":\"https:\\\/\\\/banto.cc\\\/loja\\\/#website\"},\"primaryImageOfPage\":{\"@id\":\"https:\\\/\\\/banto.cc\\\/loja\\\/contato\\\/#primaryimage\"},\"image\":{\"@id\":\"https:\\\/\\\/banto.cc\\\/loja\\\/contato\\\/#primaryimage\"},\"thumbnailUrl\":\"https:\\\/\\\/banto.cc\\\/loja\\\/wp-content\\\/uploads\\\/2025\\\/01\\\/cropped-Prancheta-1@2x-1.png\",\"datePublished\":\"2018-10-23T07:33:09+00:00\",\"dateModified\":\"2026-01-30T20:21:38+00:00\",\"description\":\"Contato Banto | Entre em contato conosco por E-mail: bantoestudio@gmail.com | Segunda a Sexta 9h \u00e0s 17h\",\"breadcrumb\":{\"@id\":\"https:\\\/\\\/banto.cc\\\/loja\\\/contato\\\/#breadcrumb\"},\"inLanguage\":\"pt-BR\",\"potentialAction\":[{\"@type\":\"ReadAction\",\"target\":[\"https:\\\/\\\/banto.cc\\\/loja\\\/contato\\\/\"]}]},{\"@type\":\"ImageObject\",\"inLanguage\":\"pt-BR\",\"@id\":\"https:\\\/\\\/banto.cc\\\/loja\\\/contato\\\/#primaryimage\",\"url\":\"https:\\\/\\\/banto.cc\\\/loja\\\/wp-content\\\/uploads\\\/2025\\\/01\\\/cropped-Prancheta-1@2x-1.png\",\"contentUrl\":\"https:\\\/\\\/banto.cc\\\/loja\\\/wp-content\\\/uploads\\\/2025\\\/01\\\/cropped-Prancheta-1@2x-1.png\",\"width\":512,\"height\":512},{\"@type\":\"BreadcrumbList\",\"@id\":\"https:\\\/\\\/banto.cc\\\/loja\\\/contato\\\/#breadcrumb\",\"itemListElement\":[{\"@type\":\"ListItem\",\"position\":1,\"name\":\"In\u00edcio\",\"item\":\"https:\\\/\\\/banto.cc\\\/loja\\\/\"},{\"@type\":\"ListItem\",\"position\":2,\"name\":\"Contato\"}]},{\"@type\":\"WebSite\",\"@id\":\"https:\\\/\\\/banto.cc\\\/loja\\\/#website\",\"url\":\"https:\\\/\\\/banto.cc\\\/loja\\\/\",\"name\":\"Loja de Arte online | Banto Casa Criativa\",\"description\":\"Compre aquarelas, xilogravuras, impressos e mais!\",\"publisher\":{\"@id\":\"https:\\\/\\\/banto.cc\\\/loja\\\/#organization\"},\"alternateName\":\"Loja de Arte | Banto.CC\",\"potentialAction\":[{\"@type\":\"SearchAction\",\"target\":{\"@type\":\"EntryPoint\",\"urlTemplate\":\"https:\\\/\\\/banto.cc\\\/loja\\\/?s={search_term_string}\"},\"query-input\":{\"@type\":\"PropertyValueSpecification\",\"valueRequired\":true,\"valueName\":\"search_term_string\"}}],\"inLanguage\":\"pt-BR\"},{\"@type\":\"Organization\",\"@id\":\"https:\\\/\\\/banto.cc\\\/loja\\\/#organization\",\"name\":\"Loja de arte online\",\"url\":\"https:\\\/\\\/banto.cc\\\/loja\\\/\",\"logo\":{\"@type\":\"ImageObject\",\"inLanguage\":\"pt-BR\",\"@id\":\"https:\\\/\\\/banto.cc\\\/loja\\\/#\\\/schema\\\/logo\\\/image\\\/\",\"url\":\"https:\\\/\\\/banto.cc\\\/loja\\\/wp-content\\\/uploads\\\/2024\\\/11\\\/Prancheta-1-copia-3logo-loja-banto-site.png\",\"contentUrl\":\"https:\\\/\\\/banto.cc\\\/loja\\\/wp-content\\\/uploads\\\/2024\\\/11\\\/Prancheta-1-copia-3logo-loja-banto-site.png\",\"width\":150,\"height\":102,\"caption\":\"Loja de arte online\"},\"image\":{\"@id\":\"https:\\\/\\\/banto.cc\\\/loja\\\/#\\\/schema\\\/logo\\\/image\\\/\"},\"sameAs\":[\"https:\\\/\\\/www.facebook.com\\\/bantocc\",\"https:\\\/\\\/x.com\\\/CasaBanto\",\"https:\\\/\\\/www.instagram.com\\\/banto.cc\\\/\"]}]}<\/script>\n<!-- \/ Yoast SEO plugin. -->","yoast_head_json":{"title":"Contato | Loja de arte online","description":"Contato Banto | Entre em contato conosco por E-mail: bantoestudio@gmail.com | Segunda a Sexta 9h \u00e0s 17h","robots":{"index":"index","follow":"follow","max-snippet":"max-snippet:-1","max-image-preview":"max-image-preview:large","max-video-preview":"max-video-preview:-1"},"canonical":"https:\/\/banto.cc\/loja\/contato\/","og_locale":"pt_BR","og_type":"article","og_title":"Contato | Loja de arte online","og_description":"Contato Banto | Entre em contato conosco por E-mail: bantoestudio@gmail.com | Segunda a Sexta 9h \u00e0s 17h","og_url":"https:\/\/banto.cc\/loja\/contato\/","og_site_name":"Loja de arte online","article_publisher":"https:\/\/www.facebook.com\/bantocc","article_modified_time":"2026-01-30T20:21:38+00:00","og_image":[{"width":512,"height":512,"url":"https:\/\/banto.cc\/loja\/wp-content\/uploads\/2025\/01\/cropped-Prancheta-1@2x-1.png","type":"image\/png"}],"twitter_card":"summary_large_image","twitter_site":"@CasaBanto","twitter_misc":{"Est. tempo de leitura":"1 minuto"},"schema":{"@context":"https:\/\/schema.org","@graph":[{"@type":"WebPage","@id":"https:\/\/banto.cc\/loja\/contato\/","url":"https:\/\/banto.cc\/loja\/contato\/","name":"Contato | Loja de arte online","isPartOf":{"@id":"https:\/\/banto.cc\/loja\/#website"},"primaryImageOfPage":{"@id":"https:\/\/banto.cc\/loja\/contato\/#primaryimage"},"image":{"@id":"https:\/\/banto.cc\/loja\/contato\/#primaryimage"},"thumbnailUrl":"https:\/\/banto.cc\/loja\/wp-content\/uploads\/2025\/01\/cropped-Prancheta-1@2x-1.png","datePublished":"2018-10-23T07:33:09+00:00","dateModified":"2026-01-30T20:21:38+00:00","description":"Contato Banto | Entre em contato conosco por E-mail: bantoestudio@gmail.com | Segunda a Sexta 9h \u00e0s 17h","breadcrumb":{"@id":"https:\/\/banto.cc\/loja\/contato\/#breadcrumb"},"inLanguage":"pt-BR","potentialAction":[{"@type":"ReadAction","target":["https:\/\/banto.cc\/loja\/contato\/"]}]},{"@type":"ImageObject","inLanguage":"pt-BR","@id":"https:\/\/banto.cc\/loja\/contato\/#primaryimage","url":"https:\/\/banto.cc\/loja\/wp-content\/uploads\/2025\/01\/cropped-Prancheta-1@2x-1.png","contentUrl":"https:\/\/banto.cc\/loja\/wp-content\/uploads\/2025\/01\/cropped-Prancheta-1@2x-1.png","width":512,"height":512},{"@type":"BreadcrumbList","@id":"https:\/\/banto.cc\/loja\/contato\/#breadcrumb","itemListElement":[{"@type":"ListItem","position":1,"name":"In\u00edcio","item":"https:\/\/banto.cc\/loja\/"},{"@type":"ListItem","position":2,"name":"Contato"}]},{"@type":"WebSite","@id":"https:\/\/banto.cc\/loja\/#website","url":"https:\/\/banto.cc\/loja\/","name":"Loja de Arte online | Banto Casa Criativa","description":"Compre aquarelas, xilogravuras, impressos e mais!","publisher":{"@id":"https:\/\/banto.cc\/loja\/#organization"},"alternateName":"Loja de Arte | Banto.CC","potentialAction":[{"@type":"SearchAction","target":{"@type":"EntryPoint","urlTemplate":"https:\/\/banto.cc\/loja\/?s={search_term_string}"},"query-input":{"@type":"PropertyValueSpecification","valueRequired":true,"valueName":"search_term_string"}}],"inLanguage":"pt-BR"},{"@type":"Organization","@id":"https:\/\/banto.cc\/loja\/#organization","name":"Loja de arte online","url":"https:\/\/banto.cc\/loja\/","logo":{"@type":"ImageObject","inLanguage":"pt-BR","@id":"https:\/\/banto.cc\/loja\/#\/schema\/logo\/image\/","url":"https:\/\/banto.cc\/loja\/wp-content\/uploads\/2024\/11\/Prancheta-1-copia-3logo-loja-banto-site.png","contentUrl":"https:\/\/banto.cc\/loja\/wp-content\/uploads\/2024\/11\/Prancheta-1-copia-3logo-loja-banto-site.png","width":150,"height":102,"caption":"Loja de arte online"},"image":{"@id":"https:\/\/banto.cc\/loja\/#\/schema\/logo\/image\/"},"sameAs":["https:\/\/www.facebook.com\/bantocc","https:\/\/x.com\/CasaBanto","https:\/\/www.instagram.com\/banto.cc\/"]}]}},"_links":{"self":[{"href":"https:\/\/banto.cc\/loja\/wp-json\/wp\/v2\/pages\/201","targetHints":{"allow":["GET"]}}],"collection":[{"href":"https:\/\/banto.cc\/loja\/wp-json\/wp\/v2\/pages"}],"about":[{"href":"https:\/\/banto.cc\/loja\/wp-json\/wp\/v2\/types\/page"}],"author":[{"embeddable":true,"href":"https:\/\/banto.cc\/loja\/wp-json\/wp\/v2\/users\/1"}],"replies":[{"embeddable":true,"href":"https:\/\/banto.cc\/loja\/wp-json\/wp\/v2\/comments?post=201"}],"version-history":[{"count":21,"href":"https:\/\/banto.cc\/loja\/wp-json\/wp\/v2\/pages\/201\/revisions"}],"predecessor-version":[{"id":3103,"href":"https:\/\/banto.cc\/loja\/wp-json\/wp\/v2\/pages\/201\/revisions\/3103"}],"wp:featuredmedia":[{"embeddable":true,"href":"https:\/\/banto.cc\/loja\/wp-json\/wp\/v2\/media\/2821"}],"wp:attachment":[{"href":"https:\/\/banto.cc\/loja\/wp-json\/wp\/v2\/media?parent=201"}],"curies":[{"name":"wp","href":"https:\/\/api.w.org\/{rel}","templated":true}]}}