{"id":45,"date":"2019-08-16T15:39:40","date_gmt":"2019-08-16T15:39:40","guid":{"rendered":"http:\/\/impreza14.us-themes.com\/?page_id=45"},"modified":"2025-11-26T09:42:34","modified_gmt":"2025-11-26T12:42:34","slug":"sobre","status":"publish","type":"page","link":"https:\/\/banto.cc\/loja\/sobre\/","title":{"rendered":"Sobre a Loja Banto"},"content":{"rendered":"\t\t<div data-elementor-type=\"wp-page\" data-elementor-id=\"45\" class=\"elementor elementor-45\">\n\t\t\t\t<div class=\"elementor-element elementor-element-5e650a57 e-flex e-con-boxed wpr-particle-no wpr-jarallax-no wpr-parallax-no wpr-sticky-section-no e-con e-parent\" data-id=\"5e650a57\" data-element_type=\"container\" data-e-type=\"container\">\n\t\t\t\t\t<div class=\"e-con-inner\">\n\t\t\t\t<div class=\"elementor-element elementor-element-24be188e elementor-widget elementor-widget-text-editor\" data-id=\"24be188e\" data-element_type=\"widget\" data-e-type=\"widget\" data-widget_type=\"text-editor.default\">\n\t\t\t\t<div class=\"elementor-widget-container\">\n\t\t\t\t\t\t\t\t\t<p data-start=\"97\" data-end=\"444\">A <strong data-start=\"99\" data-end=\"113\">Loja Banto<\/strong> nasce como um espa\u00e7o digital dedicado \u00e0 valoriza\u00e7\u00e3o e promo\u00e7\u00e3o de artistas negras\/es\/os, LGBTQIAP+ e perif\u00e9ricos\/es\/os. Nosso prop\u00f3sito \u00e9 construir uma plataforma colaborativa que amplifica vozes, destaca talentos e fortalece comunidades historicamente marginalizadas, celebrando a pluralidade e a pot\u00eancia criativa desses grupos.<\/p><p data-start=\"446\" data-end=\"768\">Acreditamos que a arte tem o poder de transformar realidades, criar novas narrativas e ressignificar espa\u00e7os. Por isso, vamos al\u00e9m de uma loja virtual: somos um espa\u00e7o de resist\u00eancia cultural e de conex\u00e3o. Cada pe\u00e7a carrega a ess\u00eancia de quem a criou, contando hist\u00f3rias que dialogam com ancestralidade, identidade e luta.<\/p><hr data-start=\"770\" data-end=\"773\" \/><h3 data-start=\"775\" data-end=\"791\">Nossa miss\u00e3o<\/h3><p data-start=\"793\" data-end=\"978\">A Loja Banto \u00e9, antes de tudo, um movimento. Queremos impactar positivamente a vida de artistas, curadores, amantes e entusiastas da arte, fortalecendo um ciclo virtuoso de apoio m\u00fatuo. Ao adquirir produtos na nossa plataforma, voc\u00ea contribui diretamente para o fortalecimento econ\u00f4mico e cultural de artistas independentes e de suas comunidades.<\/p><p data-start=\"1142\" data-end=\"1249\">Venha fazer parte desse movimento! Descubra como a arte pode transformar o mundo, come\u00e7ando pela sua casa.<\/p><hr data-start=\"1251\" data-end=\"1254\" \/><h3 data-start=\"1256\" data-end=\"1274\">Como funciona?<\/h3><p data-start=\"1276\" data-end=\"1322\">A Loja Banto opera como uma rede colaborativa:<\/p><p data-start=\"1324\" data-end=\"1485\"><strong data-start=\"1324\" data-end=\"1349\">Espa\u00e7o para Criadores<\/strong> \u2013 Artistas podem expor e vender suas obras e produtos, alcan\u00e7ando um p\u00fablico que valoriza a arte, a diversidade e a representatividade.<\/p><p data-start=\"1487\" data-end=\"1579\"><strong data-start=\"1487\" data-end=\"1500\">Curadoria<\/strong> \u2013 Selecionamos trabalhos que dialogam com autenticidade, impacto e relev\u00e2ncia.<\/p><p data-start=\"1581\" data-end=\"1719\"><strong data-start=\"1581\" data-end=\"1607\">Compartilhamento Justo<\/strong> \u2013 Priorizamos pr\u00e1ticas comerciais \u00e9ticas, garantindo que os artistas recebam a maior parte do valor das vendas.<\/p><hr data-start=\"1721\" data-end=\"1724\" \/><h3 data-start=\"1726\" data-end=\"1750\">O que voc\u00ea encontra?<\/h3><p data-start=\"1752\" data-end=\"1809\">Nosso cat\u00e1logo re\u00fane uma variedade de produtos criativos:<\/p><ul data-start=\"1811\" data-end=\"2164\"><li data-start=\"1811\" data-end=\"1916\"><p data-start=\"1813\" data-end=\"1916\"><strong data-start=\"1813\" data-end=\"1831\">Artes visuais:<\/strong> pinturas, ilustra\u00e7\u00f5es e fotografias que expressam a for\u00e7a da diversidade cultural.<\/p><\/li><li data-start=\"1917\" data-end=\"1999\"><p data-start=\"1919\" data-end=\"1999\"><strong data-start=\"1919\" data-end=\"1941\">Moda e acess\u00f3rios:<\/strong> pe\u00e7as que unem estilo, identidade e representatividade.<\/p><\/li><li data-start=\"2000\" data-end=\"2081\"><p data-start=\"2002\" data-end=\"2081\"><strong data-start=\"2002\" data-end=\"2016\">Decora\u00e7\u00e3o:<\/strong> itens que transformam ambientes em espa\u00e7os de mem\u00f3ria e afeto.<\/p><\/li><li data-start=\"2082\" data-end=\"2164\"><p data-start=\"2084\" data-end=\"2164\"><strong data-start=\"2084\" data-end=\"2108\">Literatura e m\u00fasica:<\/strong> livros, zines e \u00e1lbuns que contam hist\u00f3rias singulares.<\/p><\/li><\/ul>\t\t\t\t\t\t\t\t<\/div>\n\t\t\t\t<\/div>\n\t\t\t\t\t<\/div>\n\t\t\t\t<\/div>\n\t\t<div class=\"elementor-element elementor-element-1525473 e-flex e-con-boxed wpr-particle-no wpr-jarallax-no wpr-parallax-no wpr-sticky-section-no e-con e-parent\" data-id=\"1525473\" data-element_type=\"container\" data-e-type=\"container\">\n\t\t\t\t\t<div class=\"e-con-inner\">\n\t\t\t\t<div class=\"elementor-element elementor-element-7211022 fluentform-widget-submit-button-custom elementor-widget elementor-widget-fluent-form-widget\" data-id=\"7211022\" data-element_type=\"widget\" data-e-type=\"widget\" data-widget_type=\"fluent-form-widget.default\">\n\t\t\t\t<div class=\"elementor-widget-container\">\n\t\t\t\t\t\n            <div class=\"fluentform-widget-wrapper fluentform-widget-align-default\">\n\n                            <div class=\"fluentform-widget-heading\">\n                                        <h3 class=\"fluentform-widget-title\">\n                        Quer fazer parte, colaborar ou comprar?                    <\/h3>\n                                                            <p class=\"fluentform-widget-description\">\n                        Envie sua mensagem no formul\u00e1rio abaixo:                    <\/p>\n                                    <\/div>\n            \n            <div class='fluentform ff-default fluentform_wrapper_8 ffs_default_wrap'><form data-form_id=\"8\" id=\"fluentform_8\" class=\"frm-fluent-form fluent_form_8 ff-el-form-top ff_form_instance_8_1 ff-form-loading ffs_default\" data-form_instance=\"ff_form_instance_8_1\" method=\"POST\" ><fieldset  style=\"border: none!important;margin: 0!important;padding: 0!important;background-color: transparent!important;box-shadow: none!important;outline: none!important; min-inline-size: 100%;\">\n                    <legend class=\"ff_screen_reader_title\" style=\"display: block; margin: 0!important;padding: 0!important;height: 0!important;text-indent: -999999px;width: 0!important;overflow:hidden;\">Contact Form Demo (#8)<\/legend><input type='hidden' name='__fluent_form_embded_post_id' value='45' \/><input type=\"hidden\" id=\"_fluentform_8_fluentformnonce\" name=\"_fluentform_8_fluentformnonce\" value=\"3fde2ef445\" \/><input type=\"hidden\" name=\"_wp_http_referer\" value=\"\/loja\/wp-json\/wp\/v2\/pages\/45\" \/><div data-type=\"name-element\" data-name=\"names\" class=\" ff-field_container ff-name-field-wrapper\" ><div class='ff-t-container'><div class='ff-t-cell '><div class='ff-el-group'><div class=\"ff-el-input--label ff-el-is-required asterisk-right\"><label for='ff_8_names_first_name_' id='label_ff_8_names_first_name_' >Nome <\/label><\/div><div class='ff-el-input--content'><input type=\"text\" name=\"names[first_name]\" id=\"ff_8_names_first_name_\" class=\"ff-el-form-control\" placeholder=\"Seu nome\" aria-invalid=\"false\" aria-required=true><\/div><\/div><\/div><\/div><\/div><div class='ff-el-group'><div class=\"ff-el-input--label ff-el-is-required asterisk-right\"><label for='ff_8_email' id='label_ff_8_email' aria-label=\"Email\">Email<\/label><\/div><div class='ff-el-input--content'><input type=\"email\" name=\"email\" id=\"ff_8_email\" class=\"ff-el-form-control\" placeholder=\"Seu melhor email\" data-name=\"email\"  aria-invalid=\"false\" aria-required=true><\/div><\/div><div class='ff-el-group'><div class=\"ff-el-input--label ff-el-is-required asterisk-right\"><label for='ff_8_subject' id='label_ff_8_subject' aria-label=\"Assunto\">Assunto<\/label><\/div><div class='ff-el-input--content'><input type=\"text\" name=\"subject\" class=\"ff-el-form-control\" placeholder=\"Assunto\" data-name=\"subject\" id=\"ff_8_subject\"  aria-invalid=\"false\" aria-required=true><\/div><\/div><div class='ff-el-group'><div class=\"ff-el-input--label ff-el-is-required asterisk-right\"><label for='ff_8_message' id='label_ff_8_message' aria-label=\"Sua mensagem\">Sua mensagem<\/label><\/div><div class='ff-el-input--content'><textarea aria-required=\"true\" aria-labelledby=\"label_ff_8_message\" name=\"message\" id=\"ff_8_message\" class=\"ff-el-form-control\" placeholder=\"Sua mensagem\" rows=\"4\" cols=\"2\" data-name=\"message\" ><\/textarea><\/div><\/div><div class='ff-el-group ff-text-left ff_submit_btn_wrapper'><button type=\"submit\" class=\"ff-btn ff-btn-submit ff-btn-md ff_btn_style\"  aria-label=\"Enviar mensagem\">Enviar mensagem<\/button><\/div><\/fieldset><\/form><div id='fluentform_8_errors' class='ff-errors-in-stack ff_form_instance_8_1 ff-form-loading_errors ff_form_instance_8_1_errors'><\/div><\/div>            <script type=\"text\/javascript\">\n                window.fluent_form_ff_form_instance_8_1 = {\"id\":\"8\",\"settings\":{\"layout\":{\"labelPlacement\":\"top\",\"asteriskPlacement\":\"asterisk-right\",\"helpMessagePlacement\":\"with_label\",\"errorMessagePlacement\":\"inline\",\"cssClassName\":\"\"},\"restrictions\":{\"denyEmptySubmission\":{\"enabled\":false}}},\"form_instance\":\"ff_form_instance_8_1\",\"form_id_selector\":\"fluentform_8\",\"rules\":{\"names[first_name]\":{\"required\":{\"value\":true,\"message\":\"Este campo \\u00e9 obrigat\\u00f3rio\",\"global\":true,\"global_message\":\"Este campo \\u00e9 obrigat\\u00f3rio\"}},\"names[middle_name]\":{\"required\":{\"value\":false,\"message\":\"Este campo \\u00e9 obrigat\\u00f3rio\",\"global\":true,\"global_message\":\"Este campo \\u00e9 obrigat\\u00f3rio\"}},\"names[last_name]\":{\"required\":{\"value\":false,\"message\":\"Este campo \\u00e9 obrigat\\u00f3rio\",\"global\":true,\"global_message\":\"Este campo \\u00e9 obrigat\\u00f3rio\"}},\"email\":{\"required\":{\"value\":true,\"message\":\"Este campo \\u00e9 obrigat\\u00f3rio\",\"global\":true,\"global_message\":\"Este campo \\u00e9 obrigat\\u00f3rio\"},\"email\":{\"value\":true,\"message\":\"Este campo deve conter um e-mail v\\u00e1lido\",\"global\":true,\"global_message\":\"Este campo deve conter um e-mail v\\u00e1lido\"}},\"subject\":{\"required\":{\"value\":true,\"message\":\"Este campo \\u00e9 obrigat\\u00f3rio\",\"global\":true,\"global_message\":\"Este campo \\u00e9 obrigat\\u00f3rio\"}},\"message\":{\"required\":{\"value\":true,\"message\":\"Este campo \\u00e9 obrigat\\u00f3rio\",\"global\":true,\"global_message\":\"Este campo \\u00e9 obrigat\\u00f3rio\"}}},\"debounce_time\":300};\n                            <\/script>\n                        <\/div>\n\n            \t\t\t\t<\/div>\n\t\t\t\t<\/div>\n\t\t\t\t\t<\/div>\n\t\t\t\t<\/div>\n\t\t\t\t<\/div>\n\t\t","protected":false},"excerpt":{"rendered":"<p>A Loja Banto nasce como um espa\u00e7o digital dedicado \u00e0 valoriza\u00e7\u00e3o e promo\u00e7\u00e3o de artistas negras\/es\/os, LGBTQIAP+ e perif\u00e9ricos\/es\/os. Nosso&#8230;<\/p>\n","protected":false},"author":1,"featured_media":0,"parent":0,"menu_order":0,"comment_status":"closed","ping_status":"closed","template":"","meta":{"footnotes":""},"class_list":["post-45","page","type-page","status-publish","hentry"],"yoast_head":"<!-- This site is optimized with the Yoast SEO plugin v27.3 - https:\/\/yoast.com\/product\/yoast-seo-wordpress\/ -->\n<title>Sobre a Loja Banto | Loja de arte online<\/title>\n<meta name=\"robots\" content=\"index, follow, max-snippet:-1, max-image-preview:large, max-video-preview:-1\" \/>\n<link rel=\"canonical\" href=\"https:\/\/banto.cc\/loja\/sobre\/\" \/>\n<meta property=\"og:locale\" content=\"pt_BR\" \/>\n<meta property=\"og:type\" content=\"article\" \/>\n<meta property=\"og:title\" content=\"Sobre a Loja Banto | Loja de arte online\" \/>\n<meta property=\"og:description\" content=\"A Loja Banto nasce como um espa\u00e7o digital dedicado \u00e0 valoriza\u00e7\u00e3o e promo\u00e7\u00e3o de artistas negras\/es\/os, LGBTQIAP+ e perif\u00e9ricos\/es\/os. Nosso...\" \/>\n<meta property=\"og:url\" content=\"https:\/\/banto.cc\/loja\/sobre\/\" \/>\n<meta property=\"og:site_name\" content=\"Loja de arte online\" \/>\n<meta property=\"article:publisher\" content=\"https:\/\/www.facebook.com\/bantocc\" \/>\n<meta property=\"article:modified_time\" content=\"2025-11-26T12:42:34+00:00\" \/>\n<meta property=\"og:image\" content=\"https:\/\/banto.cc\/loja\/wp-content\/uploads\/2026\/01\/IMG_3306.jpg\" \/>\n\t<meta property=\"og:image:width\" content=\"1004\" \/>\n\t<meta property=\"og:image:height\" content=\"673\" \/>\n\t<meta property=\"og:image:type\" content=\"image\/jpeg\" \/>\n<meta name=\"twitter:card\" content=\"summary_large_image\" \/>\n<meta name=\"twitter:site\" content=\"@CasaBanto\" \/>\n<meta name=\"twitter:label1\" content=\"Est. tempo de leitura\" \/>\n\t<meta name=\"twitter:data1\" content=\"2 minutos\" \/>\n<script type=\"application\/ld+json\" class=\"yoast-schema-graph\">{\"@context\":\"https:\\\/\\\/schema.org\",\"@graph\":[{\"@type\":\"WebPage\",\"@id\":\"https:\\\/\\\/banto.cc\\\/loja\\\/sobre\\\/\",\"url\":\"https:\\\/\\\/banto.cc\\\/loja\\\/sobre\\\/\",\"name\":\"Sobre a Loja Banto | Loja de arte online\",\"isPartOf\":{\"@id\":\"https:\\\/\\\/banto.cc\\\/loja\\\/#website\"},\"datePublished\":\"2019-08-16T15:39:40+00:00\",\"dateModified\":\"2025-11-26T12:42:34+00:00\",\"breadcrumb\":{\"@id\":\"https:\\\/\\\/banto.cc\\\/loja\\\/sobre\\\/#breadcrumb\"},\"inLanguage\":\"pt-BR\",\"potentialAction\":[{\"@type\":\"ReadAction\",\"target\":[\"https:\\\/\\\/banto.cc\\\/loja\\\/sobre\\\/\"]}]},{\"@type\":\"BreadcrumbList\",\"@id\":\"https:\\\/\\\/banto.cc\\\/loja\\\/sobre\\\/#breadcrumb\",\"itemListElement\":[{\"@type\":\"ListItem\",\"position\":1,\"name\":\"In\u00edcio\",\"item\":\"https:\\\/\\\/banto.cc\\\/loja\\\/\"},{\"@type\":\"ListItem\",\"position\":2,\"name\":\"Sobre a Loja Banto\"}]},{\"@type\":\"WebSite\",\"@id\":\"https:\\\/\\\/banto.cc\\\/loja\\\/#website\",\"url\":\"https:\\\/\\\/banto.cc\\\/loja\\\/\",\"name\":\"Loja de Arte online | Banto Casa Criativa\",\"description\":\"Compre aquarelas, xilogravuras, impressos e mais!\",\"publisher\":{\"@id\":\"https:\\\/\\\/banto.cc\\\/loja\\\/#organization\"},\"alternateName\":\"Loja de Arte | Banto.CC\",\"potentialAction\":[{\"@type\":\"SearchAction\",\"target\":{\"@type\":\"EntryPoint\",\"urlTemplate\":\"https:\\\/\\\/banto.cc\\\/loja\\\/?s={search_term_string}\"},\"query-input\":{\"@type\":\"PropertyValueSpecification\",\"valueRequired\":true,\"valueName\":\"search_term_string\"}}],\"inLanguage\":\"pt-BR\"},{\"@type\":\"Organization\",\"@id\":\"https:\\\/\\\/banto.cc\\\/loja\\\/#organization\",\"name\":\"Loja de arte online\",\"url\":\"https:\\\/\\\/banto.cc\\\/loja\\\/\",\"logo\":{\"@type\":\"ImageObject\",\"inLanguage\":\"pt-BR\",\"@id\":\"https:\\\/\\\/banto.cc\\\/loja\\\/#\\\/schema\\\/logo\\\/image\\\/\",\"url\":\"https:\\\/\\\/banto.cc\\\/loja\\\/wp-content\\\/uploads\\\/2024\\\/11\\\/Prancheta-1-copia-3logo-loja-banto-site.png\",\"contentUrl\":\"https:\\\/\\\/banto.cc\\\/loja\\\/wp-content\\\/uploads\\\/2024\\\/11\\\/Prancheta-1-copia-3logo-loja-banto-site.png\",\"width\":150,\"height\":102,\"caption\":\"Loja de arte online\"},\"image\":{\"@id\":\"https:\\\/\\\/banto.cc\\\/loja\\\/#\\\/schema\\\/logo\\\/image\\\/\"},\"sameAs\":[\"https:\\\/\\\/www.facebook.com\\\/bantocc\",\"https:\\\/\\\/x.com\\\/CasaBanto\",\"https:\\\/\\\/www.instagram.com\\\/banto.cc\\\/\"]}]}<\/script>\n<!-- \/ Yoast SEO plugin. -->","yoast_head_json":{"title":"Sobre a Loja Banto | Loja de arte online","robots":{"index":"index","follow":"follow","max-snippet":"max-snippet:-1","max-image-preview":"max-image-preview:large","max-video-preview":"max-video-preview:-1"},"canonical":"https:\/\/banto.cc\/loja\/sobre\/","og_locale":"pt_BR","og_type":"article","og_title":"Sobre a Loja Banto | Loja de arte online","og_description":"A Loja Banto nasce como um espa\u00e7o digital dedicado \u00e0 valoriza\u00e7\u00e3o e promo\u00e7\u00e3o de artistas negras\/es\/os, LGBTQIAP+ e perif\u00e9ricos\/es\/os. Nosso...","og_url":"https:\/\/banto.cc\/loja\/sobre\/","og_site_name":"Loja de arte online","article_publisher":"https:\/\/www.facebook.com\/bantocc","article_modified_time":"2025-11-26T12:42:34+00:00","og_image":[{"width":1004,"height":673,"url":"https:\/\/banto.cc\/loja\/wp-content\/uploads\/2026\/01\/IMG_3306.jpg","type":"image\/jpeg"}],"twitter_card":"summary_large_image","twitter_site":"@CasaBanto","twitter_misc":{"Est. tempo de leitura":"2 minutos"},"schema":{"@context":"https:\/\/schema.org","@graph":[{"@type":"WebPage","@id":"https:\/\/banto.cc\/loja\/sobre\/","url":"https:\/\/banto.cc\/loja\/sobre\/","name":"Sobre a Loja Banto | Loja de arte online","isPartOf":{"@id":"https:\/\/banto.cc\/loja\/#website"},"datePublished":"2019-08-16T15:39:40+00:00","dateModified":"2025-11-26T12:42:34+00:00","breadcrumb":{"@id":"https:\/\/banto.cc\/loja\/sobre\/#breadcrumb"},"inLanguage":"pt-BR","potentialAction":[{"@type":"ReadAction","target":["https:\/\/banto.cc\/loja\/sobre\/"]}]},{"@type":"BreadcrumbList","@id":"https:\/\/banto.cc\/loja\/sobre\/#breadcrumb","itemListElement":[{"@type":"ListItem","position":1,"name":"In\u00edcio","item":"https:\/\/banto.cc\/loja\/"},{"@type":"ListItem","position":2,"name":"Sobre a Loja Banto"}]},{"@type":"WebSite","@id":"https:\/\/banto.cc\/loja\/#website","url":"https:\/\/banto.cc\/loja\/","name":"Loja de Arte online | Banto Casa Criativa","description":"Compre aquarelas, xilogravuras, impressos e mais!","publisher":{"@id":"https:\/\/banto.cc\/loja\/#organization"},"alternateName":"Loja de Arte | Banto.CC","potentialAction":[{"@type":"SearchAction","target":{"@type":"EntryPoint","urlTemplate":"https:\/\/banto.cc\/loja\/?s={search_term_string}"},"query-input":{"@type":"PropertyValueSpecification","valueRequired":true,"valueName":"search_term_string"}}],"inLanguage":"pt-BR"},{"@type":"Organization","@id":"https:\/\/banto.cc\/loja\/#organization","name":"Loja de arte online","url":"https:\/\/banto.cc\/loja\/","logo":{"@type":"ImageObject","inLanguage":"pt-BR","@id":"https:\/\/banto.cc\/loja\/#\/schema\/logo\/image\/","url":"https:\/\/banto.cc\/loja\/wp-content\/uploads\/2024\/11\/Prancheta-1-copia-3logo-loja-banto-site.png","contentUrl":"https:\/\/banto.cc\/loja\/wp-content\/uploads\/2024\/11\/Prancheta-1-copia-3logo-loja-banto-site.png","width":150,"height":102,"caption":"Loja de arte online"},"image":{"@id":"https:\/\/banto.cc\/loja\/#\/schema\/logo\/image\/"},"sameAs":["https:\/\/www.facebook.com\/bantocc","https:\/\/x.com\/CasaBanto","https:\/\/www.instagram.com\/banto.cc\/"]}]}},"_links":{"self":[{"href":"https:\/\/banto.cc\/loja\/wp-json\/wp\/v2\/pages\/45","targetHints":{"allow":["GET"]}}],"collection":[{"href":"https:\/\/banto.cc\/loja\/wp-json\/wp\/v2\/pages"}],"about":[{"href":"https:\/\/banto.cc\/loja\/wp-json\/wp\/v2\/types\/page"}],"author":[{"embeddable":true,"href":"https:\/\/banto.cc\/loja\/wp-json\/wp\/v2\/users\/1"}],"replies":[{"embeddable":true,"href":"https:\/\/banto.cc\/loja\/wp-json\/wp\/v2\/comments?post=45"}],"version-history":[{"count":7,"href":"https:\/\/banto.cc\/loja\/wp-json\/wp\/v2\/pages\/45\/revisions"}],"predecessor-version":[{"id":2858,"href":"https:\/\/banto.cc\/loja\/wp-json\/wp\/v2\/pages\/45\/revisions\/2858"}],"wp:attachment":[{"href":"https:\/\/banto.cc\/loja\/wp-json\/wp\/v2\/media?parent=45"}],"curies":[{"name":"wp","href":"https:\/\/api.w.org\/{rel}","templated":true}]}}