{"id":2374,"date":"2025-04-29T09:24:09","date_gmt":"2025-04-29T12:24:09","guid":{"rendered":"https:\/\/banto.cc\/loja\/?post_type=product&#038;p=2374"},"modified":"2025-09-18T14:03:02","modified_gmt":"2025-09-18T17:03:02","slug":"canga-viaduto-santa-tereza","status":"publish","type":"product","link":"https:\/\/banto.cc\/loja\/produto\/canga-viaduto-santa-tereza\/","title":{"rendered":"Canga Viaduto Santa Tereza"},"content":{"rendered":"","protected":false},"excerpt":{"rendered":"<p>Celebre um dos cart\u00f5es-postais mais ic\u00f4nicos de Belo Horizonte com a Canga Viaduto Santa Tereza, uma pe\u00e7a autoral criada a partir de aquarela original do artista Gamba. Inspirada nas cores, mem\u00f3rias e afetos que atravessam o viaduto, s\u00edmbolo da resist\u00eancia cultural e do hip hop mineiro, essa canga une arte, identidade e estilo.<\/p>\n<p>\ud83d\udccd Ideal para quem ama a cena urbana de BH e moda.<br \/>\n\ud83e\uddf5 Canga feita em impress\u00e3o digital sobre seda beg\u00f4nia.<br \/>\n\ud83c\udfa8 Pintura original em aquarela tradicional.<\/p>\n","protected":false},"featured_media":151,"comment_status":"open","ping_status":"closed","template":"","meta":[],"product_brand":[76],"product_cat":[51,52],"product_tag":[],"class_list":{"0":"post-2374","1":"product","2":"type-product","3":"status-publish","4":"has-post-thumbnail","6":"product_brand-gamba-martins","7":"product_cat-cangas","8":"product_cat-moda","10":"first","11":"outofstock","12":"taxable","13":"shipping-taxable","14":"purchasable","15":"product-type-simple"},"yoast_head":"<!-- This site is optimized with the Yoast SEO plugin v27.3 - https:\/\/yoast.com\/product\/yoast-seo-wordpress\/ -->\n<title>Canga Viaduto Santa Tereza | Loja de arte online<\/title>\n<meta name=\"robots\" content=\"index, follow, max-snippet:-1, max-image-preview:large, max-video-preview:-1\" \/>\n<link rel=\"canonical\" href=\"https:\/\/banto.cc\/loja\/produto\/canga-viaduto-santa-tereza\/\" \/>\n<meta property=\"og:locale\" content=\"pt_BR\" \/>\n<meta property=\"og:type\" content=\"article\" \/>\n<meta property=\"og:title\" content=\"Canga Viaduto Santa Tereza | Loja de arte online\" \/>\n<meta property=\"og:description\" content=\"Celebre um dos cart\u00f5es-postais mais ic\u00f4nicos de Belo Horizonte com a Canga Viaduto Santa Tereza, uma pe\u00e7a autoral criada a partir de aquarela original do artista Gamba. Inspirada nas cores, mem\u00f3rias e afetos que atravessam o viaduto, s\u00edmbolo da resist\u00eancia cultural e do hip hop mineiro, essa canga une arte, identidade e estilo.  \ud83d\udccd Ideal para quem ama a cena urbana de BH e moda.  \ud83e\uddf5 Canga feita em impress\u00e3o digital sobre seda beg\u00f4nia.  \ud83c\udfa8 Pintura original em aquarela tradicional.\" \/>\n<meta property=\"og:url\" content=\"https:\/\/banto.cc\/loja\/produto\/canga-viaduto-santa-tereza\/\" \/>\n<meta property=\"og:site_name\" content=\"Loja de arte online\" \/>\n<meta property=\"article:publisher\" content=\"https:\/\/www.facebook.com\/bantocc\" \/>\n<meta property=\"article:modified_time\" content=\"2025-09-18T17:03:02+00:00\" \/>\n<meta property=\"og:image\" content=\"https:\/\/banto.cc\/loja\/wp-content\/uploads\/2022\/11\/viaduto-santa-tereza.jpg\" \/>\n\t<meta property=\"og:image:width\" content=\"900\" \/>\n\t<meta property=\"og:image:height\" content=\"1200\" \/>\n\t<meta property=\"og:image:type\" content=\"image\/jpeg\" \/>\n<meta name=\"twitter:card\" content=\"summary_large_image\" \/>\n<meta name=\"twitter:site\" content=\"@CasaBanto\" \/>\n<script type=\"application\/ld+json\" class=\"yoast-schema-graph\">{\"@context\":\"https:\\\/\\\/schema.org\",\"@graph\":[{\"@type\":\"WebPage\",\"@id\":\"https:\\\/\\\/banto.cc\\\/loja\\\/produto\\\/canga-viaduto-santa-tereza\\\/\",\"url\":\"https:\\\/\\\/banto.cc\\\/loja\\\/produto\\\/canga-viaduto-santa-tereza\\\/\",\"name\":\"Canga Viaduto Santa Tereza | Loja de arte online\",\"isPartOf\":{\"@id\":\"https:\\\/\\\/banto.cc\\\/loja\\\/#website\"},\"primaryImageOfPage\":{\"@id\":\"https:\\\/\\\/banto.cc\\\/loja\\\/produto\\\/canga-viaduto-santa-tereza\\\/#primaryimage\"},\"image\":{\"@id\":\"https:\\\/\\\/banto.cc\\\/loja\\\/produto\\\/canga-viaduto-santa-tereza\\\/#primaryimage\"},\"thumbnailUrl\":\"https:\\\/\\\/banto.cc\\\/loja\\\/wp-content\\\/uploads\\\/2022\\\/11\\\/viaduto-santa-tereza.jpg\",\"datePublished\":\"2025-04-29T12:24:09+00:00\",\"dateModified\":\"2025-09-18T17:03:02+00:00\",\"breadcrumb\":{\"@id\":\"https:\\\/\\\/banto.cc\\\/loja\\\/produto\\\/canga-viaduto-santa-tereza\\\/#breadcrumb\"},\"inLanguage\":\"pt-BR\",\"potentialAction\":[{\"@type\":\"ReadAction\",\"target\":[\"https:\\\/\\\/banto.cc\\\/loja\\\/produto\\\/canga-viaduto-santa-tereza\\\/\"]}]},{\"@type\":\"ImageObject\",\"inLanguage\":\"pt-BR\",\"@id\":\"https:\\\/\\\/banto.cc\\\/loja\\\/produto\\\/canga-viaduto-santa-tereza\\\/#primaryimage\",\"url\":\"https:\\\/\\\/banto.cc\\\/loja\\\/wp-content\\\/uploads\\\/2022\\\/11\\\/viaduto-santa-tereza.jpg\",\"contentUrl\":\"https:\\\/\\\/banto.cc\\\/loja\\\/wp-content\\\/uploads\\\/2022\\\/11\\\/viaduto-santa-tereza.jpg\",\"width\":900,\"height\":1200},{\"@type\":\"BreadcrumbList\",\"@id\":\"https:\\\/\\\/banto.cc\\\/loja\\\/produto\\\/canga-viaduto-santa-tereza\\\/#breadcrumb\",\"itemListElement\":[{\"@type\":\"ListItem\",\"position\":1,\"name\":\"In\u00edcio\",\"item\":\"https:\\\/\\\/banto.cc\\\/loja\\\/\"},{\"@type\":\"ListItem\",\"position\":2,\"name\":\"Loja de Artes\",\"item\":\"https:\\\/\\\/banto.cc\\\/loja\\\/produtos\\\/\"},{\"@type\":\"ListItem\",\"position\":3,\"name\":\"Canga Viaduto Santa Tereza\"}]},{\"@type\":\"WebSite\",\"@id\":\"https:\\\/\\\/banto.cc\\\/loja\\\/#website\",\"url\":\"https:\\\/\\\/banto.cc\\\/loja\\\/\",\"name\":\"Loja de Arte online | Banto Casa Criativa\",\"description\":\"Compre aquarelas, xilogravuras, impressos e mais!\",\"publisher\":{\"@id\":\"https:\\\/\\\/banto.cc\\\/loja\\\/#organization\"},\"alternateName\":\"Loja de Arte | Banto.CC\",\"potentialAction\":[{\"@type\":\"SearchAction\",\"target\":{\"@type\":\"EntryPoint\",\"urlTemplate\":\"https:\\\/\\\/banto.cc\\\/loja\\\/?s={search_term_string}\"},\"query-input\":{\"@type\":\"PropertyValueSpecification\",\"valueRequired\":true,\"valueName\":\"search_term_string\"}}],\"inLanguage\":\"pt-BR\"},{\"@type\":\"Organization\",\"@id\":\"https:\\\/\\\/banto.cc\\\/loja\\\/#organization\",\"name\":\"Loja de arte online\",\"url\":\"https:\\\/\\\/banto.cc\\\/loja\\\/\",\"logo\":{\"@type\":\"ImageObject\",\"inLanguage\":\"pt-BR\",\"@id\":\"https:\\\/\\\/banto.cc\\\/loja\\\/#\\\/schema\\\/logo\\\/image\\\/\",\"url\":\"https:\\\/\\\/banto.cc\\\/loja\\\/wp-content\\\/uploads\\\/2024\\\/11\\\/Prancheta-1-copia-3logo-loja-banto-site.png\",\"contentUrl\":\"https:\\\/\\\/banto.cc\\\/loja\\\/wp-content\\\/uploads\\\/2024\\\/11\\\/Prancheta-1-copia-3logo-loja-banto-site.png\",\"width\":150,\"height\":102,\"caption\":\"Loja de arte online\"},\"image\":{\"@id\":\"https:\\\/\\\/banto.cc\\\/loja\\\/#\\\/schema\\\/logo\\\/image\\\/\"},\"sameAs\":[\"https:\\\/\\\/www.facebook.com\\\/bantocc\",\"https:\\\/\\\/x.com\\\/CasaBanto\",\"https:\\\/\\\/www.instagram.com\\\/banto.cc\\\/\"]}]}<\/script>\n<!-- \/ Yoast SEO plugin. -->","yoast_head_json":{"title":"Canga Viaduto Santa Tereza | Loja de arte online","robots":{"index":"index","follow":"follow","max-snippet":"max-snippet:-1","max-image-preview":"max-image-preview:large","max-video-preview":"max-video-preview:-1"},"canonical":"https:\/\/banto.cc\/loja\/produto\/canga-viaduto-santa-tereza\/","og_locale":"pt_BR","og_type":"article","og_title":"Canga Viaduto Santa Tereza | Loja de arte online","og_description":"Celebre um dos cart\u00f5es-postais mais ic\u00f4nicos de Belo Horizonte com a Canga Viaduto Santa Tereza, uma pe\u00e7a autoral criada a partir de aquarela original do artista Gamba. Inspirada nas cores, mem\u00f3rias e afetos que atravessam o viaduto, s\u00edmbolo da resist\u00eancia cultural e do hip hop mineiro, essa canga une arte, identidade e estilo.  \ud83d\udccd Ideal para quem ama a cena urbana de BH e moda.  \ud83e\uddf5 Canga feita em impress\u00e3o digital sobre seda beg\u00f4nia.  \ud83c\udfa8 Pintura original em aquarela tradicional.","og_url":"https:\/\/banto.cc\/loja\/produto\/canga-viaduto-santa-tereza\/","og_site_name":"Loja de arte online","article_publisher":"https:\/\/www.facebook.com\/bantocc","article_modified_time":"2025-09-18T17:03:02+00:00","og_image":[{"width":900,"height":1200,"url":"https:\/\/banto.cc\/loja\/wp-content\/uploads\/2022\/11\/viaduto-santa-tereza.jpg","type":"image\/jpeg"}],"twitter_card":"summary_large_image","twitter_site":"@CasaBanto","schema":{"@context":"https:\/\/schema.org","@graph":[{"@type":"WebPage","@id":"https:\/\/banto.cc\/loja\/produto\/canga-viaduto-santa-tereza\/","url":"https:\/\/banto.cc\/loja\/produto\/canga-viaduto-santa-tereza\/","name":"Canga Viaduto Santa Tereza | Loja de arte online","isPartOf":{"@id":"https:\/\/banto.cc\/loja\/#website"},"primaryImageOfPage":{"@id":"https:\/\/banto.cc\/loja\/produto\/canga-viaduto-santa-tereza\/#primaryimage"},"image":{"@id":"https:\/\/banto.cc\/loja\/produto\/canga-viaduto-santa-tereza\/#primaryimage"},"thumbnailUrl":"https:\/\/banto.cc\/loja\/wp-content\/uploads\/2022\/11\/viaduto-santa-tereza.jpg","datePublished":"2025-04-29T12:24:09+00:00","dateModified":"2025-09-18T17:03:02+00:00","breadcrumb":{"@id":"https:\/\/banto.cc\/loja\/produto\/canga-viaduto-santa-tereza\/#breadcrumb"},"inLanguage":"pt-BR","potentialAction":[{"@type":"ReadAction","target":["https:\/\/banto.cc\/loja\/produto\/canga-viaduto-santa-tereza\/"]}]},{"@type":"ImageObject","inLanguage":"pt-BR","@id":"https:\/\/banto.cc\/loja\/produto\/canga-viaduto-santa-tereza\/#primaryimage","url":"https:\/\/banto.cc\/loja\/wp-content\/uploads\/2022\/11\/viaduto-santa-tereza.jpg","contentUrl":"https:\/\/banto.cc\/loja\/wp-content\/uploads\/2022\/11\/viaduto-santa-tereza.jpg","width":900,"height":1200},{"@type":"BreadcrumbList","@id":"https:\/\/banto.cc\/loja\/produto\/canga-viaduto-santa-tereza\/#breadcrumb","itemListElement":[{"@type":"ListItem","position":1,"name":"In\u00edcio","item":"https:\/\/banto.cc\/loja\/"},{"@type":"ListItem","position":2,"name":"Loja de Artes","item":"https:\/\/banto.cc\/loja\/produtos\/"},{"@type":"ListItem","position":3,"name":"Canga Viaduto Santa Tereza"}]},{"@type":"WebSite","@id":"https:\/\/banto.cc\/loja\/#website","url":"https:\/\/banto.cc\/loja\/","name":"Loja de Arte online | Banto Casa Criativa","description":"Compre aquarelas, xilogravuras, impressos e mais!","publisher":{"@id":"https:\/\/banto.cc\/loja\/#organization"},"alternateName":"Loja de Arte | Banto.CC","potentialAction":[{"@type":"SearchAction","target":{"@type":"EntryPoint","urlTemplate":"https:\/\/banto.cc\/loja\/?s={search_term_string}"},"query-input":{"@type":"PropertyValueSpecification","valueRequired":true,"valueName":"search_term_string"}}],"inLanguage":"pt-BR"},{"@type":"Organization","@id":"https:\/\/banto.cc\/loja\/#organization","name":"Loja de arte online","url":"https:\/\/banto.cc\/loja\/","logo":{"@type":"ImageObject","inLanguage":"pt-BR","@id":"https:\/\/banto.cc\/loja\/#\/schema\/logo\/image\/","url":"https:\/\/banto.cc\/loja\/wp-content\/uploads\/2024\/11\/Prancheta-1-copia-3logo-loja-banto-site.png","contentUrl":"https:\/\/banto.cc\/loja\/wp-content\/uploads\/2024\/11\/Prancheta-1-copia-3logo-loja-banto-site.png","width":150,"height":102,"caption":"Loja de arte online"},"image":{"@id":"https:\/\/banto.cc\/loja\/#\/schema\/logo\/image\/"},"sameAs":["https:\/\/www.facebook.com\/bantocc","https:\/\/x.com\/CasaBanto","https:\/\/www.instagram.com\/banto.cc\/"]}]}},"_links":{"self":[{"href":"https:\/\/banto.cc\/loja\/wp-json\/wp\/v2\/product\/2374","targetHints":{"allow":["GET"]}}],"collection":[{"href":"https:\/\/banto.cc\/loja\/wp-json\/wp\/v2\/product"}],"about":[{"href":"https:\/\/banto.cc\/loja\/wp-json\/wp\/v2\/types\/product"}],"replies":[{"embeddable":true,"href":"https:\/\/banto.cc\/loja\/wp-json\/wp\/v2\/comments?post=2374"}],"wp:featuredmedia":[{"embeddable":true,"href":"https:\/\/banto.cc\/loja\/wp-json\/wp\/v2\/media\/151"}],"wp:attachment":[{"href":"https:\/\/banto.cc\/loja\/wp-json\/wp\/v2\/media?parent=2374"}],"wp:term":[{"taxonomy":"product_brand","embeddable":true,"href":"https:\/\/banto.cc\/loja\/wp-json\/wp\/v2\/product_brand?post=2374"},{"taxonomy":"product_cat","embeddable":true,"href":"https:\/\/banto.cc\/loja\/wp-json\/wp\/v2\/product_cat?post=2374"},{"taxonomy":"product_tag","embeddable":true,"href":"https:\/\/banto.cc\/loja\/wp-json\/wp\/v2\/product_tag?post=2374"}],"curies":[{"name":"wp","href":"https:\/\/api.w.org\/{rel}","templated":true}]}}