{"id":2498,"date":"2025-08-04T17:22:58","date_gmt":"2025-08-04T20:22:58","guid":{"rendered":"https:\/\/banto.cc\/loja\/?post_type=product&#038;p=2498"},"modified":"2026-03-06T14:16:23","modified_gmt":"2026-03-06T17:16:23","slug":"experiencia-banto-em-cores-individual-sem-vinho","status":"publish","type":"product","link":"https:\/\/banto.cc\/loja\/produto\/experiencia-banto-em-cores-individual-sem-vinho\/","title":{"rendered":"Experi\u00eancia Banto: pacote solo (aquarela + brunch)"},"content":{"rendered":"","protected":false},"excerpt":{"rendered":"<p data-start=\"205\" data-end=\"244\"><strong>Aquarela e brunch em Belo Horizonte: <\/strong>uma experi\u00eancia para quem quer pintar, saborear e se reconectar com o tempo das coisas simples.<\/p>\n<p>Imagine um s\u00e1bado em que voc\u00ea pode soltar a criatividade, comer, pintar em aquarela e brindar ao presente.<br data-start=\"641\" data-end=\"644\" \/>Na experi\u00eancia imersiva \u201c<strong data-start=\"648\" data-end=\"676\">Banto em cores<\/strong>\u201d, a arte e a gastronomia se encontram no quintal encantado Mandaknega, na regi\u00e3o leste de Belo Horizonte. \u00c9 mais que um evento: \u00e9 um convite para voc\u00ea respirar, criar e sentir.<\/p>\n<h3 data-start=\"3212\" data-end=\"3225\">\ud83d\udcc5 Quando?<\/h3>\n<p data-start=\"3227\" data-end=\"3299\"><strong data-start=\"3227\" data-end=\"3236\">Data:<\/strong> 17 de janeiro de 2026<br data-start=\"3251\" data-end=\"3254\" \/><strong data-start=\"3254\" data-end=\"3266\">Hor\u00e1rio:<\/strong> 14h \u00e0s 17h<\/p>\n<h3 data-start=\"2761\" data-end=\"2778\">\ud83d\udccd Localiza\u00e7\u00e3o<\/h3>\n<p data-start=\"2780\" data-end=\"2927\">O quintal do <strong data-start=\"2793\" data-end=\"2807\">Mandaknega<\/strong> fica no bairro <strong data-start=\"2823\" data-end=\"2841\">Santa Efig\u00eania<\/strong>, em Belo Horizonte.<br data-start=\"2861\" data-end=\"2864\" \/>O endere\u00e7o completo ser\u00e1 enviado ap\u00f3s a confirma\u00e7\u00e3o da reserva.<\/p>\n<p data-start=\"2050\" data-end=\"2188\">\n","protected":false},"featured_media":2476,"comment_status":"open","ping_status":"closed","template":"","meta":[],"product_brand":[76],"product_cat":[77],"product_tag":[],"class_list":{"0":"post-2498","1":"product","2":"type-product","3":"status-publish","4":"has-post-thumbnail","6":"product_brand-gamba-martins","7":"product_cat-experiencia","9":"first","10":"instock","11":"virtual","12":"purchasable","13":"product-type-simple"},"yoast_head":"<!-- This site is optimized with the Yoast SEO plugin v27.3 - https:\/\/yoast.com\/product\/yoast-seo-wordpress\/ -->\n<title>Experi\u00eancia Banto: pacote solo (aquarela + brunch) | Loja de arte online<\/title>\n<meta name=\"robots\" content=\"index, follow, max-snippet:-1, max-image-preview:large, max-video-preview:-1\" \/>\n<link rel=\"canonical\" href=\"https:\/\/banto.cc\/loja\/produto\/experiencia-banto-em-cores-individual-sem-vinho\/\" \/>\n<meta property=\"og:locale\" content=\"pt_BR\" \/>\n<meta property=\"og:type\" content=\"article\" \/>\n<meta property=\"og:title\" content=\"Experi\u00eancia Banto: pacote solo (aquarela + brunch) | Loja de arte online\" \/>\n<meta property=\"og:description\" content=\"Aquarela e brunch em Belo Horizonte: uma experi\u00eancia para quem quer pintar, saborear e se reconectar com o tempo das coisas simples. Imagine um s\u00e1bado em que voc\u00ea pode soltar a criatividade, comer, pintar em aquarela e brindar ao presente.Na experi\u00eancia imersiva \u201cBanto em cores\u201d, a arte e a gastronomia se encontram no quintal encantado Mandaknega, na regi\u00e3o leste de Belo Horizonte. \u00c9 mais que um evento: \u00e9 um convite para voc\u00ea respirar, criar e sentir. \ud83d\udcc5 Quando? Data: 17 de janeiro de 2026Hor\u00e1rio: 14h \u00e0s 17h  \ud83d\udccd Localiza\u00e7\u00e3o O quintal do Mandaknega fica no bairro Santa Efig\u00eania, em Belo Horizonte.O endere\u00e7o completo ser\u00e1 enviado ap\u00f3s a confirma\u00e7\u00e3o da reserva.\" \/>\n<meta property=\"og:url\" content=\"https:\/\/banto.cc\/loja\/produto\/experiencia-banto-em-cores-individual-sem-vinho\/\" \/>\n<meta property=\"og:site_name\" content=\"Loja de arte online\" \/>\n<meta property=\"article:publisher\" content=\"https:\/\/www.facebook.com\/bantocc\" \/>\n<meta property=\"article:modified_time\" content=\"2026-03-06T17:16:23+00:00\" \/>\n<meta property=\"og:image\" content=\"https:\/\/banto.cc\/loja\/wp-content\/uploads\/2025\/08\/IMG_9235-scaled.jpg\" \/>\n\t<meta property=\"og:image:width\" content=\"835\" \/>\n\t<meta property=\"og:image:height\" content=\"1200\" \/>\n\t<meta property=\"og:image:type\" content=\"image\/jpeg\" \/>\n<meta name=\"twitter:card\" content=\"summary_large_image\" \/>\n<meta name=\"twitter:site\" content=\"@CasaBanto\" \/>\n<meta name=\"twitter:label1\" content=\"Est. tempo de leitura\" \/>\n\t<meta name=\"twitter:data1\" content=\"1 minuto\" \/>\n<script type=\"application\/ld+json\" class=\"yoast-schema-graph\">{\"@context\":\"https:\\\/\\\/schema.org\",\"@graph\":[{\"@type\":\"WebPage\",\"@id\":\"https:\\\/\\\/banto.cc\\\/loja\\\/produto\\\/experiencia-banto-em-cores-individual-sem-vinho\\\/\",\"url\":\"https:\\\/\\\/banto.cc\\\/loja\\\/produto\\\/experiencia-banto-em-cores-individual-sem-vinho\\\/\",\"name\":\"Experi\u00eancia Banto: pacote solo (aquarela + brunch) | Loja de arte online\",\"isPartOf\":{\"@id\":\"https:\\\/\\\/banto.cc\\\/loja\\\/#website\"},\"primaryImageOfPage\":{\"@id\":\"https:\\\/\\\/banto.cc\\\/loja\\\/produto\\\/experiencia-banto-em-cores-individual-sem-vinho\\\/#primaryimage\"},\"image\":{\"@id\":\"https:\\\/\\\/banto.cc\\\/loja\\\/produto\\\/experiencia-banto-em-cores-individual-sem-vinho\\\/#primaryimage\"},\"thumbnailUrl\":\"https:\\\/\\\/banto.cc\\\/loja\\\/wp-content\\\/uploads\\\/2025\\\/08\\\/IMG_9235-scaled.jpg\",\"datePublished\":\"2025-08-04T20:22:58+00:00\",\"dateModified\":\"2026-03-06T17:16:23+00:00\",\"breadcrumb\":{\"@id\":\"https:\\\/\\\/banto.cc\\\/loja\\\/produto\\\/experiencia-banto-em-cores-individual-sem-vinho\\\/#breadcrumb\"},\"inLanguage\":\"pt-BR\",\"potentialAction\":[{\"@type\":\"ReadAction\",\"target\":[\"https:\\\/\\\/banto.cc\\\/loja\\\/produto\\\/experiencia-banto-em-cores-individual-sem-vinho\\\/\"]}]},{\"@type\":\"ImageObject\",\"inLanguage\":\"pt-BR\",\"@id\":\"https:\\\/\\\/banto.cc\\\/loja\\\/produto\\\/experiencia-banto-em-cores-individual-sem-vinho\\\/#primaryimage\",\"url\":\"https:\\\/\\\/banto.cc\\\/loja\\\/wp-content\\\/uploads\\\/2025\\\/08\\\/IMG_9235-scaled.jpg\",\"contentUrl\":\"https:\\\/\\\/banto.cc\\\/loja\\\/wp-content\\\/uploads\\\/2025\\\/08\\\/IMG_9235-scaled.jpg\",\"width\":835,\"height\":1200},{\"@type\":\"BreadcrumbList\",\"@id\":\"https:\\\/\\\/banto.cc\\\/loja\\\/produto\\\/experiencia-banto-em-cores-individual-sem-vinho\\\/#breadcrumb\",\"itemListElement\":[{\"@type\":\"ListItem\",\"position\":1,\"name\":\"In\u00edcio\",\"item\":\"https:\\\/\\\/banto.cc\\\/loja\\\/\"},{\"@type\":\"ListItem\",\"position\":2,\"name\":\"Loja de Artes\",\"item\":\"https:\\\/\\\/banto.cc\\\/loja\\\/produtos\\\/\"},{\"@type\":\"ListItem\",\"position\":3,\"name\":\"Experi\u00eancia Banto: pacote solo (aquarela + brunch)\"}]},{\"@type\":\"WebSite\",\"@id\":\"https:\\\/\\\/banto.cc\\\/loja\\\/#website\",\"url\":\"https:\\\/\\\/banto.cc\\\/loja\\\/\",\"name\":\"Loja de Arte online | Banto Casa Criativa\",\"description\":\"Compre aquarelas, xilogravuras, impressos e mais!\",\"publisher\":{\"@id\":\"https:\\\/\\\/banto.cc\\\/loja\\\/#organization\"},\"alternateName\":\"Loja de Arte | Banto.CC\",\"potentialAction\":[{\"@type\":\"SearchAction\",\"target\":{\"@type\":\"EntryPoint\",\"urlTemplate\":\"https:\\\/\\\/banto.cc\\\/loja\\\/?s={search_term_string}\"},\"query-input\":{\"@type\":\"PropertyValueSpecification\",\"valueRequired\":true,\"valueName\":\"search_term_string\"}}],\"inLanguage\":\"pt-BR\"},{\"@type\":\"Organization\",\"@id\":\"https:\\\/\\\/banto.cc\\\/loja\\\/#organization\",\"name\":\"Loja de arte online\",\"url\":\"https:\\\/\\\/banto.cc\\\/loja\\\/\",\"logo\":{\"@type\":\"ImageObject\",\"inLanguage\":\"pt-BR\",\"@id\":\"https:\\\/\\\/banto.cc\\\/loja\\\/#\\\/schema\\\/logo\\\/image\\\/\",\"url\":\"https:\\\/\\\/banto.cc\\\/loja\\\/wp-content\\\/uploads\\\/2024\\\/11\\\/Prancheta-1-copia-3logo-loja-banto-site.png\",\"contentUrl\":\"https:\\\/\\\/banto.cc\\\/loja\\\/wp-content\\\/uploads\\\/2024\\\/11\\\/Prancheta-1-copia-3logo-loja-banto-site.png\",\"width\":150,\"height\":102,\"caption\":\"Loja de arte online\"},\"image\":{\"@id\":\"https:\\\/\\\/banto.cc\\\/loja\\\/#\\\/schema\\\/logo\\\/image\\\/\"},\"sameAs\":[\"https:\\\/\\\/www.facebook.com\\\/bantocc\",\"https:\\\/\\\/x.com\\\/CasaBanto\",\"https:\\\/\\\/www.instagram.com\\\/banto.cc\\\/\"]}]}<\/script>\n<!-- \/ Yoast SEO plugin. -->","yoast_head_json":{"title":"Experi\u00eancia Banto: pacote solo (aquarela + brunch) | Loja de arte online","robots":{"index":"index","follow":"follow","max-snippet":"max-snippet:-1","max-image-preview":"max-image-preview:large","max-video-preview":"max-video-preview:-1"},"canonical":"https:\/\/banto.cc\/loja\/produto\/experiencia-banto-em-cores-individual-sem-vinho\/","og_locale":"pt_BR","og_type":"article","og_title":"Experi\u00eancia Banto: pacote solo (aquarela + brunch) | Loja de arte online","og_description":"Aquarela e brunch em Belo Horizonte: uma experi\u00eancia para quem quer pintar, saborear e se reconectar com o tempo das coisas simples. Imagine um s\u00e1bado em que voc\u00ea pode soltar a criatividade, comer, pintar em aquarela e brindar ao presente.Na experi\u00eancia imersiva \u201cBanto em cores\u201d, a arte e a gastronomia se encontram no quintal encantado Mandaknega, na regi\u00e3o leste de Belo Horizonte. \u00c9 mais que um evento: \u00e9 um convite para voc\u00ea respirar, criar e sentir. \ud83d\udcc5 Quando? Data: 17 de janeiro de 2026Hor\u00e1rio: 14h \u00e0s 17h  \ud83d\udccd Localiza\u00e7\u00e3o O quintal do Mandaknega fica no bairro Santa Efig\u00eania, em Belo Horizonte.O endere\u00e7o completo ser\u00e1 enviado ap\u00f3s a confirma\u00e7\u00e3o da reserva.","og_url":"https:\/\/banto.cc\/loja\/produto\/experiencia-banto-em-cores-individual-sem-vinho\/","og_site_name":"Loja de arte online","article_publisher":"https:\/\/www.facebook.com\/bantocc","article_modified_time":"2026-03-06T17:16:23+00:00","og_image":[{"width":835,"height":1200,"url":"https:\/\/banto.cc\/loja\/wp-content\/uploads\/2025\/08\/IMG_9235-scaled.jpg","type":"image\/jpeg"}],"twitter_card":"summary_large_image","twitter_site":"@CasaBanto","twitter_misc":{"Est. tempo de leitura":"1 minuto"},"schema":{"@context":"https:\/\/schema.org","@graph":[{"@type":"WebPage","@id":"https:\/\/banto.cc\/loja\/produto\/experiencia-banto-em-cores-individual-sem-vinho\/","url":"https:\/\/banto.cc\/loja\/produto\/experiencia-banto-em-cores-individual-sem-vinho\/","name":"Experi\u00eancia Banto: pacote solo (aquarela + brunch) | Loja de arte online","isPartOf":{"@id":"https:\/\/banto.cc\/loja\/#website"},"primaryImageOfPage":{"@id":"https:\/\/banto.cc\/loja\/produto\/experiencia-banto-em-cores-individual-sem-vinho\/#primaryimage"},"image":{"@id":"https:\/\/banto.cc\/loja\/produto\/experiencia-banto-em-cores-individual-sem-vinho\/#primaryimage"},"thumbnailUrl":"https:\/\/banto.cc\/loja\/wp-content\/uploads\/2025\/08\/IMG_9235-scaled.jpg","datePublished":"2025-08-04T20:22:58+00:00","dateModified":"2026-03-06T17:16:23+00:00","breadcrumb":{"@id":"https:\/\/banto.cc\/loja\/produto\/experiencia-banto-em-cores-individual-sem-vinho\/#breadcrumb"},"inLanguage":"pt-BR","potentialAction":[{"@type":"ReadAction","target":["https:\/\/banto.cc\/loja\/produto\/experiencia-banto-em-cores-individual-sem-vinho\/"]}]},{"@type":"ImageObject","inLanguage":"pt-BR","@id":"https:\/\/banto.cc\/loja\/produto\/experiencia-banto-em-cores-individual-sem-vinho\/#primaryimage","url":"https:\/\/banto.cc\/loja\/wp-content\/uploads\/2025\/08\/IMG_9235-scaled.jpg","contentUrl":"https:\/\/banto.cc\/loja\/wp-content\/uploads\/2025\/08\/IMG_9235-scaled.jpg","width":835,"height":1200},{"@type":"BreadcrumbList","@id":"https:\/\/banto.cc\/loja\/produto\/experiencia-banto-em-cores-individual-sem-vinho\/#breadcrumb","itemListElement":[{"@type":"ListItem","position":1,"name":"In\u00edcio","item":"https:\/\/banto.cc\/loja\/"},{"@type":"ListItem","position":2,"name":"Loja de Artes","item":"https:\/\/banto.cc\/loja\/produtos\/"},{"@type":"ListItem","position":3,"name":"Experi\u00eancia Banto: pacote solo (aquarela + brunch)"}]},{"@type":"WebSite","@id":"https:\/\/banto.cc\/loja\/#website","url":"https:\/\/banto.cc\/loja\/","name":"Loja de Arte online | Banto Casa Criativa","description":"Compre aquarelas, xilogravuras, impressos e mais!","publisher":{"@id":"https:\/\/banto.cc\/loja\/#organization"},"alternateName":"Loja de Arte | Banto.CC","potentialAction":[{"@type":"SearchAction","target":{"@type":"EntryPoint","urlTemplate":"https:\/\/banto.cc\/loja\/?s={search_term_string}"},"query-input":{"@type":"PropertyValueSpecification","valueRequired":true,"valueName":"search_term_string"}}],"inLanguage":"pt-BR"},{"@type":"Organization","@id":"https:\/\/banto.cc\/loja\/#organization","name":"Loja de arte online","url":"https:\/\/banto.cc\/loja\/","logo":{"@type":"ImageObject","inLanguage":"pt-BR","@id":"https:\/\/banto.cc\/loja\/#\/schema\/logo\/image\/","url":"https:\/\/banto.cc\/loja\/wp-content\/uploads\/2024\/11\/Prancheta-1-copia-3logo-loja-banto-site.png","contentUrl":"https:\/\/banto.cc\/loja\/wp-content\/uploads\/2024\/11\/Prancheta-1-copia-3logo-loja-banto-site.png","width":150,"height":102,"caption":"Loja de arte online"},"image":{"@id":"https:\/\/banto.cc\/loja\/#\/schema\/logo\/image\/"},"sameAs":["https:\/\/www.facebook.com\/bantocc","https:\/\/x.com\/CasaBanto","https:\/\/www.instagram.com\/banto.cc\/"]}]}},"_links":{"self":[{"href":"https:\/\/banto.cc\/loja\/wp-json\/wp\/v2\/product\/2498","targetHints":{"allow":["GET"]}}],"collection":[{"href":"https:\/\/banto.cc\/loja\/wp-json\/wp\/v2\/product"}],"about":[{"href":"https:\/\/banto.cc\/loja\/wp-json\/wp\/v2\/types\/product"}],"replies":[{"embeddable":true,"href":"https:\/\/banto.cc\/loja\/wp-json\/wp\/v2\/comments?post=2498"}],"wp:featuredmedia":[{"embeddable":true,"href":"https:\/\/banto.cc\/loja\/wp-json\/wp\/v2\/media\/2476"}],"wp:attachment":[{"href":"https:\/\/banto.cc\/loja\/wp-json\/wp\/v2\/media?parent=2498"}],"wp:term":[{"taxonomy":"product_brand","embeddable":true,"href":"https:\/\/banto.cc\/loja\/wp-json\/wp\/v2\/product_brand?post=2498"},{"taxonomy":"product_cat","embeddable":true,"href":"https:\/\/banto.cc\/loja\/wp-json\/wp\/v2\/product_cat?post=2498"},{"taxonomy":"product_tag","embeddable":true,"href":"https:\/\/banto.cc\/loja\/wp-json\/wp\/v2\/product_tag?post=2498"}],"curies":[{"name":"wp","href":"https:\/\/api.w.org\/{rel}","templated":true}]}}