{"id":2903,"date":"2025-12-11T10:42:28","date_gmt":"2025-12-11T13:42:28","guid":{"rendered":"https:\/\/banto.cc\/loja\/?post_type=product&#038;p=2903"},"modified":"2026-03-06T14:10:14","modified_gmt":"2026-03-06T17:10:14","slug":"experiencia-banto-pacote-infantil-aquarela-brunch","status":"publish","type":"product","link":"https:\/\/banto.cc\/loja\/produto\/experiencia-banto-pacote-infantil-aquarela-brunch\/","title":{"rendered":"Experi\u00eancia Banto: pacote infantil (aquarela + brunch)"},"content":{"rendered":"","protected":false},"excerpt":{"rendered":"<p data-start=\"205\" data-end=\"244\"><strong>Aquarela e brunch em Belo Horizonte: <\/strong>uma experi\u00eancia para quem quer pintar, saborear e se reconectar com o tempo das coisas simples.<\/p>\n<p>Imagine um s\u00e1bado em que voc\u00ea pode soltar a criatividade, comer, pintar em aquarela e brindar ao presente.<br data-start=\"641\" data-end=\"644\" \/>Na experi\u00eancia imersiva \u201c<strong data-start=\"648\" data-end=\"676\">Banto em cores<\/strong>\u201d, a arte e a gastronomia se encontram no quintal encantado Mandaknega, na regi\u00e3o leste de Belo Horizonte. \u00c9 mais que um evento: \u00e9 um convite para voc\u00ea respirar, criar e sentir.<\/p>\n<h3 data-start=\"3212\" data-end=\"3225\">\ud83d\udcc5 Quando?<\/h3>\n<p data-start=\"3227\" data-end=\"3299\"><strong data-start=\"3227\" data-end=\"3236\">Data:<\/strong> 18 de abril de 2026<br data-start=\"3251\" data-end=\"3254\" \/><strong data-start=\"3254\" data-end=\"3266\">Hor\u00e1rio:<\/strong> 14h \u00e0s 17h<\/p>\n<h3 data-start=\"2761\" data-end=\"2778\">\ud83d\udccd Localiza\u00e7\u00e3o<\/h3>\n<p data-start=\"2780\" data-end=\"2927\">O quintal do <strong data-start=\"2793\" data-end=\"2807\">Mandaknega<\/strong> fica no bairro <strong data-start=\"2823\" data-end=\"2841\">Santa Efig\u00eania<\/strong>, em Belo Horizonte.<br data-start=\"2861\" data-end=\"2864\" \/>O endere\u00e7o completo ser\u00e1 enviado ap\u00f3s a confirma\u00e7\u00e3o da reserva.<\/p>\n<h3 data-start=\"843\" data-end=\"869\">\u2728 O que voc\u00ea vai viver?<\/h3>\n<p data-start=\"871\" data-end=\"1219\">Durante uma tarde acolhedora no <strong data-start=\"903\" data-end=\"917\">Mandaknega<\/strong>, voc\u00ea ser\u00e1 conduzide pelo artista <strong data-start=\"952\" data-end=\"969\">Gamba Martins<\/strong> numa oficina de <strong data-start=\"986\" data-end=\"1009\">pintura em aquarela<\/strong>, enquanto saboreia um brunch cuidadosamente preparado por <strong data-start=\"1068\" data-end=\"1086\">Stanley Albano,<\/strong> cozinheire e educador, que h\u00e1 seis anos cultiva experi\u00eancias gastron\u00f4micas nesse quintal que j\u00e1 virou ponto de afeto e resist\u00eancia.<\/p>\n<p data-start=\"1221\" data-end=\"1395\">A proposta \u00e9 simples:<strong data-start=\"1243\" data-end=\"1306\"> desacelerar e criar com as m\u00e3os. <\/strong>Tudo isso com trilha sonora afetiva, ta\u00e7as de vinho e o cheiro de comida fresca no ar.<\/p>\n<h3 data-start=\"1402\" data-end=\"1452\">\ud83c\udfa8 Oficina de Aquarela: arte para todas as m\u00e3os<\/h3>\n<p data-start=\"1454\" data-end=\"1654\">Voc\u00ea <strong data-start=\"1459\" data-end=\"1502\">n\u00e3o precisa ter experi\u00eancia com pintura<\/strong>. A viv\u00eancia \u00e9 aberta para <strong data-start=\"1531\" data-end=\"1550\">todos os n\u00edveis<\/strong>, conduzida com sensibilidade por <strong data-start=\"1584\" data-end=\"1601\">Gamba Martins<\/strong>, artista-educador e pesquisador em aquarela.<\/p>\n<p data-start=\"1656\" data-end=\"1863\">Nesta edi\u00e7\u00e3o, com <strong data-start=\"1674\" data-end=\"1693\">tema de inverno<\/strong>, voc\u00ea aprender\u00e1 t\u00e9cnicas b\u00e1sicas e criar\u00e1 sua pr\u00f3pria pintura inspirade na esta\u00e7\u00e3o e nos sabores do dia. Ao fim, cada participante poder\u00e1 <strong data-start=\"1834\" data-end=\"1863\">levar sua obra para casa.<\/strong><\/p>\n<p data-start=\"1865\" data-end=\"1989\">\ud83d\udd8c\ufe0f Materiais inclusos: papel especial, tintas, pinc\u00e9is e suporte individual.<br data-start=\"1942\" data-end=\"1945\" \/>\ud83d\uddbc\ufe0f Exposi\u00e7\u00e3o coletiva ao final da viv\u00eancia.<\/p>\n<h3 data-start=\"1996\" data-end=\"2048\">\ud83c\udf77 Brunch afetivo com curadoria de Stanley Albano<\/h3>\n<p data-start=\"2050\" data-end=\"2188\">Enquanto pinta, voc\u00ea tamb\u00e9m degusta um menu que <strong data-start=\"2098\" data-end=\"2137\">celebra o inverno com alma tropical<\/strong>.<br data-start=\"2138\" data-end=\"2141\" \/>O card\u00e1pio \u00e9 uma verdadeira pintura comest\u00edvel:<\/p>\n<ul data-start=\"2190\" data-end=\"2377\">\n<li data-start=\"2190\" data-end=\"2215\">\n<p data-start=\"2192\" data-end=\"2215\">Brusquetas artesanais<\/p>\n<\/li>\n<li data-start=\"2216\" data-end=\"2241\">\n<p data-start=\"2218\" data-end=\"2241\">Caponata de berinjela<\/p>\n<\/li>\n<li data-start=\"2242\" data-end=\"2260\">\n<p data-start=\"2244\" data-end=\"2260\">P\u00e3es especiais<\/p>\n<\/li>\n<li data-start=\"2261\" data-end=\"2289\">\n<p data-start=\"2263\" data-end=\"2289\">Carne de casca de banana<\/p>\n<\/li>\n<li data-start=\"2290\" data-end=\"2314\">\n<p data-start=\"2292\" data-end=\"2314\">Mini salpic\u00e3o vegano<\/p>\n<\/li>\n<li data-start=\"2315\" data-end=\"2340\">\n<p data-start=\"2317\" data-end=\"2340\">Barquete de cogumelos<\/p>\n<\/li>\n<li data-start=\"2341\" data-end=\"2377\">\n<p data-start=\"2343\" data-end=\"2377\">Torta de frango e torta de legumes<\/p>\n<\/li>\n<\/ul>\n<p data-start=\"2379\" data-end=\"2479\">\ud83e\udd64 Bebidas: \u00e1gua aromatizada, sucos naturais e ch\u00e1s gelados<br data-start=\"2438\" data-end=\"2441\" \/>\ud83c\udf77 Vinho (opcional, conforme ingresso)<\/p>\n","protected":false},"featured_media":2476,"comment_status":"open","ping_status":"closed","template":"","meta":[],"product_brand":[76],"product_cat":[77],"product_tag":[],"class_list":{"0":"post-2903","1":"product","2":"type-product","3":"status-publish","4":"has-post-thumbnail","6":"product_brand-gamba-martins","7":"product_cat-experiencia","9":"first","10":"instock","11":"virtual","12":"taxable","13":"purchasable","14":"product-type-simple"},"yoast_head":"<!-- This site is optimized with the Yoast SEO plugin v27.3 - https:\/\/yoast.com\/product\/yoast-seo-wordpress\/ -->\n<title>Experi\u00eancia Banto: pacote infantil (aquarela + brunch) | Loja de arte online<\/title>\n<meta name=\"robots\" content=\"index, follow, max-snippet:-1, max-image-preview:large, max-video-preview:-1\" \/>\n<link rel=\"canonical\" href=\"https:\/\/banto.cc\/loja\/produto\/experiencia-banto-pacote-infantil-aquarela-brunch\/\" \/>\n<meta property=\"og:locale\" content=\"pt_BR\" \/>\n<meta property=\"og:type\" content=\"article\" \/>\n<meta property=\"og:title\" content=\"Experi\u00eancia Banto: pacote infantil (aquarela + brunch) | Loja de arte online\" \/>\n<meta property=\"og:description\" content=\"Aquarela e brunch em Belo Horizonte: uma experi\u00eancia para quem quer pintar, saborear e se reconectar com o tempo das coisas simples. Imagine um s\u00e1bado em que voc\u00ea pode soltar a criatividade, comer, pintar em aquarela e brindar ao presente.Na experi\u00eancia imersiva \u201cBanto em cores\u201d, a arte e a gastronomia se encontram no quintal encantado Mandaknega, na regi\u00e3o leste de Belo Horizonte. \u00c9 mais que um evento: \u00e9 um convite para voc\u00ea respirar, criar e sentir. \ud83d\udcc5 Quando? Data: 18 de abril de 2026Hor\u00e1rio: 14h \u00e0s 17h  \ud83d\udccd Localiza\u00e7\u00e3o O quintal do Mandaknega fica no bairro Santa Efig\u00eania, em Belo Horizonte.O endere\u00e7o completo ser\u00e1 enviado ap\u00f3s a confirma\u00e7\u00e3o da reserva.  \u2728 O que voc\u00ea vai viver? Durante uma tarde acolhedora no Mandaknega, voc\u00ea ser\u00e1 conduzide pelo artista Gamba Martins numa oficina de pintura em aquarela, enquanto saboreia um brunch cuidadosamente preparado por Stanley Albano, cozinheire e educador, que h\u00e1 seis anos cultiva experi\u00eancias gastron\u00f4micas nesse quintal que j\u00e1 virou ponto de afeto e resist\u00eancia. A proposta \u00e9 simples: desacelerar e criar com as m\u00e3os. Tudo isso com trilha sonora afetiva, ta\u00e7as de vinho e o cheiro de comida fresca no ar.  \ud83c\udfa8 Oficina de Aquarela: arte para todas as m\u00e3os Voc\u00ea n\u00e3o precisa ter experi\u00eancia com pintura. A viv\u00eancia \u00e9 aberta para todos os n\u00edveis, conduzida com sensibilidade por Gamba Martins, artista-educador e pesquisador em aquarela. Nesta edi\u00e7\u00e3o, com tema de inverno, voc\u00ea aprender\u00e1 t\u00e9cnicas b\u00e1sicas e criar\u00e1 sua pr\u00f3pria pintura inspirade na esta\u00e7\u00e3o e nos sabores do dia. Ao fim, cada participante poder\u00e1 levar sua obra para casa. \ud83d\udd8c\ufe0f Materiais inclusos: papel especial, tintas, pinc\u00e9is e suporte individual.\ud83d\uddbc\ufe0f Exposi\u00e7\u00e3o coletiva ao final da viv\u00eancia.  \ud83c\udf77 Brunch afetivo com curadoria de Stanley Albano Enquanto pinta, voc\u00ea tamb\u00e9m degusta um menu que celebra o inverno com alma tropical.O card\u00e1pio \u00e9 uma verdadeira pintura comest\u00edvel:     Brusquetas artesanais    Caponata de berinjela    P\u00e3es especiais    Carne de casca de banana    Mini salpic\u00e3o vegano    Barquete de cogumelos    Torta de frango e torta de legumes   \ud83e\udd64 Bebidas: \u00e1gua aromatizada, sucos naturais e ch\u00e1s gelados\ud83c\udf77 Vinho (opcional, conforme ingresso)\" \/>\n<meta property=\"og:url\" content=\"https:\/\/banto.cc\/loja\/produto\/experiencia-banto-pacote-infantil-aquarela-brunch\/\" \/>\n<meta property=\"og:site_name\" content=\"Loja de arte online\" \/>\n<meta property=\"article:publisher\" content=\"https:\/\/www.facebook.com\/bantocc\" \/>\n<meta property=\"article:modified_time\" content=\"2026-03-06T17:10:14+00:00\" \/>\n<meta property=\"og:image\" content=\"https:\/\/banto.cc\/loja\/wp-content\/uploads\/2025\/08\/IMG_9235-scaled.jpg\" \/>\n\t<meta property=\"og:image:width\" content=\"835\" \/>\n\t<meta property=\"og:image:height\" content=\"1200\" \/>\n\t<meta property=\"og:image:type\" content=\"image\/jpeg\" \/>\n<meta name=\"twitter:card\" content=\"summary_large_image\" \/>\n<meta name=\"twitter:site\" content=\"@CasaBanto\" \/>\n<meta name=\"twitter:label1\" content=\"Est. tempo de leitura\" \/>\n\t<meta name=\"twitter:data1\" content=\"1 minuto\" \/>\n<script type=\"application\/ld+json\" class=\"yoast-schema-graph\">{\"@context\":\"https:\\\/\\\/schema.org\",\"@graph\":[{\"@type\":\"WebPage\",\"@id\":\"https:\\\/\\\/banto.cc\\\/loja\\\/produto\\\/experiencia-banto-pacote-infantil-aquarela-brunch\\\/\",\"url\":\"https:\\\/\\\/banto.cc\\\/loja\\\/produto\\\/experiencia-banto-pacote-infantil-aquarela-brunch\\\/\",\"name\":\"Experi\u00eancia Banto: pacote infantil (aquarela + brunch) | Loja de arte online\",\"isPartOf\":{\"@id\":\"https:\\\/\\\/banto.cc\\\/loja\\\/#website\"},\"primaryImageOfPage\":{\"@id\":\"https:\\\/\\\/banto.cc\\\/loja\\\/produto\\\/experiencia-banto-pacote-infantil-aquarela-brunch\\\/#primaryimage\"},\"image\":{\"@id\":\"https:\\\/\\\/banto.cc\\\/loja\\\/produto\\\/experiencia-banto-pacote-infantil-aquarela-brunch\\\/#primaryimage\"},\"thumbnailUrl\":\"https:\\\/\\\/banto.cc\\\/loja\\\/wp-content\\\/uploads\\\/2025\\\/08\\\/IMG_9235-scaled.jpg\",\"datePublished\":\"2025-12-11T13:42:28+00:00\",\"dateModified\":\"2026-03-06T17:10:14+00:00\",\"breadcrumb\":{\"@id\":\"https:\\\/\\\/banto.cc\\\/loja\\\/produto\\\/experiencia-banto-pacote-infantil-aquarela-brunch\\\/#breadcrumb\"},\"inLanguage\":\"pt-BR\",\"potentialAction\":[{\"@type\":\"ReadAction\",\"target\":[\"https:\\\/\\\/banto.cc\\\/loja\\\/produto\\\/experiencia-banto-pacote-infantil-aquarela-brunch\\\/\"]}]},{\"@type\":\"ImageObject\",\"inLanguage\":\"pt-BR\",\"@id\":\"https:\\\/\\\/banto.cc\\\/loja\\\/produto\\\/experiencia-banto-pacote-infantil-aquarela-brunch\\\/#primaryimage\",\"url\":\"https:\\\/\\\/banto.cc\\\/loja\\\/wp-content\\\/uploads\\\/2025\\\/08\\\/IMG_9235-scaled.jpg\",\"contentUrl\":\"https:\\\/\\\/banto.cc\\\/loja\\\/wp-content\\\/uploads\\\/2025\\\/08\\\/IMG_9235-scaled.jpg\",\"width\":835,\"height\":1200},{\"@type\":\"BreadcrumbList\",\"@id\":\"https:\\\/\\\/banto.cc\\\/loja\\\/produto\\\/experiencia-banto-pacote-infantil-aquarela-brunch\\\/#breadcrumb\",\"itemListElement\":[{\"@type\":\"ListItem\",\"position\":1,\"name\":\"In\u00edcio\",\"item\":\"https:\\\/\\\/banto.cc\\\/loja\\\/\"},{\"@type\":\"ListItem\",\"position\":2,\"name\":\"Loja de Artes\",\"item\":\"https:\\\/\\\/banto.cc\\\/loja\\\/produtos\\\/\"},{\"@type\":\"ListItem\",\"position\":3,\"name\":\"Experi\u00eancia Banto: pacote infantil (aquarela + brunch)\"}]},{\"@type\":\"WebSite\",\"@id\":\"https:\\\/\\\/banto.cc\\\/loja\\\/#website\",\"url\":\"https:\\\/\\\/banto.cc\\\/loja\\\/\",\"name\":\"Loja de Arte online | Banto Casa Criativa\",\"description\":\"Compre aquarelas, xilogravuras, impressos e mais!\",\"publisher\":{\"@id\":\"https:\\\/\\\/banto.cc\\\/loja\\\/#organization\"},\"alternateName\":\"Loja de Arte | Banto.CC\",\"potentialAction\":[{\"@type\":\"SearchAction\",\"target\":{\"@type\":\"EntryPoint\",\"urlTemplate\":\"https:\\\/\\\/banto.cc\\\/loja\\\/?s={search_term_string}\"},\"query-input\":{\"@type\":\"PropertyValueSpecification\",\"valueRequired\":true,\"valueName\":\"search_term_string\"}}],\"inLanguage\":\"pt-BR\"},{\"@type\":\"Organization\",\"@id\":\"https:\\\/\\\/banto.cc\\\/loja\\\/#organization\",\"name\":\"Loja de arte online\",\"url\":\"https:\\\/\\\/banto.cc\\\/loja\\\/\",\"logo\":{\"@type\":\"ImageObject\",\"inLanguage\":\"pt-BR\",\"@id\":\"https:\\\/\\\/banto.cc\\\/loja\\\/#\\\/schema\\\/logo\\\/image\\\/\",\"url\":\"https:\\\/\\\/banto.cc\\\/loja\\\/wp-content\\\/uploads\\\/2024\\\/11\\\/Prancheta-1-copia-3logo-loja-banto-site.png\",\"contentUrl\":\"https:\\\/\\\/banto.cc\\\/loja\\\/wp-content\\\/uploads\\\/2024\\\/11\\\/Prancheta-1-copia-3logo-loja-banto-site.png\",\"width\":150,\"height\":102,\"caption\":\"Loja de arte online\"},\"image\":{\"@id\":\"https:\\\/\\\/banto.cc\\\/loja\\\/#\\\/schema\\\/logo\\\/image\\\/\"},\"sameAs\":[\"https:\\\/\\\/www.facebook.com\\\/bantocc\",\"https:\\\/\\\/x.com\\\/CasaBanto\",\"https:\\\/\\\/www.instagram.com\\\/banto.cc\\\/\"]}]}<\/script>\n<!-- \/ Yoast SEO plugin. -->","yoast_head_json":{"title":"Experi\u00eancia Banto: pacote infantil (aquarela + brunch) | Loja de arte online","robots":{"index":"index","follow":"follow","max-snippet":"max-snippet:-1","max-image-preview":"max-image-preview:large","max-video-preview":"max-video-preview:-1"},"canonical":"https:\/\/banto.cc\/loja\/produto\/experiencia-banto-pacote-infantil-aquarela-brunch\/","og_locale":"pt_BR","og_type":"article","og_title":"Experi\u00eancia Banto: pacote infantil (aquarela + brunch) | Loja de arte online","og_description":"Aquarela e brunch em Belo Horizonte: uma experi\u00eancia para quem quer pintar, saborear e se reconectar com o tempo das coisas simples. Imagine um s\u00e1bado em que voc\u00ea pode soltar a criatividade, comer, pintar em aquarela e brindar ao presente.Na experi\u00eancia imersiva \u201cBanto em cores\u201d, a arte e a gastronomia se encontram no quintal encantado Mandaknega, na regi\u00e3o leste de Belo Horizonte. \u00c9 mais que um evento: \u00e9 um convite para voc\u00ea respirar, criar e sentir. \ud83d\udcc5 Quando? Data: 18 de abril de 2026Hor\u00e1rio: 14h \u00e0s 17h  \ud83d\udccd Localiza\u00e7\u00e3o O quintal do Mandaknega fica no bairro Santa Efig\u00eania, em Belo Horizonte.O endere\u00e7o completo ser\u00e1 enviado ap\u00f3s a confirma\u00e7\u00e3o da reserva.  \u2728 O que voc\u00ea vai viver? Durante uma tarde acolhedora no Mandaknega, voc\u00ea ser\u00e1 conduzide pelo artista Gamba Martins numa oficina de pintura em aquarela, enquanto saboreia um brunch cuidadosamente preparado por Stanley Albano, cozinheire e educador, que h\u00e1 seis anos cultiva experi\u00eancias gastron\u00f4micas nesse quintal que j\u00e1 virou ponto de afeto e resist\u00eancia. A proposta \u00e9 simples: desacelerar e criar com as m\u00e3os. Tudo isso com trilha sonora afetiva, ta\u00e7as de vinho e o cheiro de comida fresca no ar.  \ud83c\udfa8 Oficina de Aquarela: arte para todas as m\u00e3os Voc\u00ea n\u00e3o precisa ter experi\u00eancia com pintura. A viv\u00eancia \u00e9 aberta para todos os n\u00edveis, conduzida com sensibilidade por Gamba Martins, artista-educador e pesquisador em aquarela. Nesta edi\u00e7\u00e3o, com tema de inverno, voc\u00ea aprender\u00e1 t\u00e9cnicas b\u00e1sicas e criar\u00e1 sua pr\u00f3pria pintura inspirade na esta\u00e7\u00e3o e nos sabores do dia. Ao fim, cada participante poder\u00e1 levar sua obra para casa. \ud83d\udd8c\ufe0f Materiais inclusos: papel especial, tintas, pinc\u00e9is e suporte individual.\ud83d\uddbc\ufe0f Exposi\u00e7\u00e3o coletiva ao final da viv\u00eancia.  \ud83c\udf77 Brunch afetivo com curadoria de Stanley Albano Enquanto pinta, voc\u00ea tamb\u00e9m degusta um menu que celebra o inverno com alma tropical.O card\u00e1pio \u00e9 uma verdadeira pintura comest\u00edvel:     Brusquetas artesanais    Caponata de berinjela    P\u00e3es especiais    Carne de casca de banana    Mini salpic\u00e3o vegano    Barquete de cogumelos    Torta de frango e torta de legumes   \ud83e\udd64 Bebidas: \u00e1gua aromatizada, sucos naturais e ch\u00e1s gelados\ud83c\udf77 Vinho (opcional, conforme ingresso)","og_url":"https:\/\/banto.cc\/loja\/produto\/experiencia-banto-pacote-infantil-aquarela-brunch\/","og_site_name":"Loja de arte online","article_publisher":"https:\/\/www.facebook.com\/bantocc","article_modified_time":"2026-03-06T17:10:14+00:00","og_image":[{"width":835,"height":1200,"url":"https:\/\/banto.cc\/loja\/wp-content\/uploads\/2025\/08\/IMG_9235-scaled.jpg","type":"image\/jpeg"}],"twitter_card":"summary_large_image","twitter_site":"@CasaBanto","twitter_misc":{"Est. tempo de leitura":"1 minuto"},"schema":{"@context":"https:\/\/schema.org","@graph":[{"@type":"WebPage","@id":"https:\/\/banto.cc\/loja\/produto\/experiencia-banto-pacote-infantil-aquarela-brunch\/","url":"https:\/\/banto.cc\/loja\/produto\/experiencia-banto-pacote-infantil-aquarela-brunch\/","name":"Experi\u00eancia Banto: pacote infantil (aquarela + brunch) | Loja de arte online","isPartOf":{"@id":"https:\/\/banto.cc\/loja\/#website"},"primaryImageOfPage":{"@id":"https:\/\/banto.cc\/loja\/produto\/experiencia-banto-pacote-infantil-aquarela-brunch\/#primaryimage"},"image":{"@id":"https:\/\/banto.cc\/loja\/produto\/experiencia-banto-pacote-infantil-aquarela-brunch\/#primaryimage"},"thumbnailUrl":"https:\/\/banto.cc\/loja\/wp-content\/uploads\/2025\/08\/IMG_9235-scaled.jpg","datePublished":"2025-12-11T13:42:28+00:00","dateModified":"2026-03-06T17:10:14+00:00","breadcrumb":{"@id":"https:\/\/banto.cc\/loja\/produto\/experiencia-banto-pacote-infantil-aquarela-brunch\/#breadcrumb"},"inLanguage":"pt-BR","potentialAction":[{"@type":"ReadAction","target":["https:\/\/banto.cc\/loja\/produto\/experiencia-banto-pacote-infantil-aquarela-brunch\/"]}]},{"@type":"ImageObject","inLanguage":"pt-BR","@id":"https:\/\/banto.cc\/loja\/produto\/experiencia-banto-pacote-infantil-aquarela-brunch\/#primaryimage","url":"https:\/\/banto.cc\/loja\/wp-content\/uploads\/2025\/08\/IMG_9235-scaled.jpg","contentUrl":"https:\/\/banto.cc\/loja\/wp-content\/uploads\/2025\/08\/IMG_9235-scaled.jpg","width":835,"height":1200},{"@type":"BreadcrumbList","@id":"https:\/\/banto.cc\/loja\/produto\/experiencia-banto-pacote-infantil-aquarela-brunch\/#breadcrumb","itemListElement":[{"@type":"ListItem","position":1,"name":"In\u00edcio","item":"https:\/\/banto.cc\/loja\/"},{"@type":"ListItem","position":2,"name":"Loja de Artes","item":"https:\/\/banto.cc\/loja\/produtos\/"},{"@type":"ListItem","position":3,"name":"Experi\u00eancia Banto: pacote infantil (aquarela + brunch)"}]},{"@type":"WebSite","@id":"https:\/\/banto.cc\/loja\/#website","url":"https:\/\/banto.cc\/loja\/","name":"Loja de Arte online | Banto Casa Criativa","description":"Compre aquarelas, xilogravuras, impressos e mais!","publisher":{"@id":"https:\/\/banto.cc\/loja\/#organization"},"alternateName":"Loja de Arte | Banto.CC","potentialAction":[{"@type":"SearchAction","target":{"@type":"EntryPoint","urlTemplate":"https:\/\/banto.cc\/loja\/?s={search_term_string}"},"query-input":{"@type":"PropertyValueSpecification","valueRequired":true,"valueName":"search_term_string"}}],"inLanguage":"pt-BR"},{"@type":"Organization","@id":"https:\/\/banto.cc\/loja\/#organization","name":"Loja de arte online","url":"https:\/\/banto.cc\/loja\/","logo":{"@type":"ImageObject","inLanguage":"pt-BR","@id":"https:\/\/banto.cc\/loja\/#\/schema\/logo\/image\/","url":"https:\/\/banto.cc\/loja\/wp-content\/uploads\/2024\/11\/Prancheta-1-copia-3logo-loja-banto-site.png","contentUrl":"https:\/\/banto.cc\/loja\/wp-content\/uploads\/2024\/11\/Prancheta-1-copia-3logo-loja-banto-site.png","width":150,"height":102,"caption":"Loja de arte online"},"image":{"@id":"https:\/\/banto.cc\/loja\/#\/schema\/logo\/image\/"},"sameAs":["https:\/\/www.facebook.com\/bantocc","https:\/\/x.com\/CasaBanto","https:\/\/www.instagram.com\/banto.cc\/"]}]}},"_links":{"self":[{"href":"https:\/\/banto.cc\/loja\/wp-json\/wp\/v2\/product\/2903","targetHints":{"allow":["GET"]}}],"collection":[{"href":"https:\/\/banto.cc\/loja\/wp-json\/wp\/v2\/product"}],"about":[{"href":"https:\/\/banto.cc\/loja\/wp-json\/wp\/v2\/types\/product"}],"replies":[{"embeddable":true,"href":"https:\/\/banto.cc\/loja\/wp-json\/wp\/v2\/comments?post=2903"}],"wp:featuredmedia":[{"embeddable":true,"href":"https:\/\/banto.cc\/loja\/wp-json\/wp\/v2\/media\/2476"}],"wp:attachment":[{"href":"https:\/\/banto.cc\/loja\/wp-json\/wp\/v2\/media?parent=2903"}],"wp:term":[{"taxonomy":"product_brand","embeddable":true,"href":"https:\/\/banto.cc\/loja\/wp-json\/wp\/v2\/product_brand?post=2903"},{"taxonomy":"product_cat","embeddable":true,"href":"https:\/\/banto.cc\/loja\/wp-json\/wp\/v2\/product_cat?post=2903"},{"taxonomy":"product_tag","embeddable":true,"href":"https:\/\/banto.cc\/loja\/wp-json\/wp\/v2\/product_tag?post=2903"}],"curies":[{"name":"wp","href":"https:\/\/api.w.org\/{rel}","templated":true}]}}