{"id":2930,"date":"2025-12-22T13:17:15","date_gmt":"2025-12-22T16:17:15","guid":{"rendered":"https:\/\/banto.cc\/loja\/?post_type=product&#038;p=2930"},"modified":"2026-01-12T10:43:00","modified_gmt":"2026-01-12T13:43:00","slug":"ancestral-maternal","status":"publish","type":"product","link":"https:\/\/banto.cc\/loja\/produto\/ancestral-maternal\/","title":{"rendered":"Ancestral Maternal"},"content":{"rendered":"","protected":false},"excerpt":{"rendered":"<p>Ancestral Maternal\u201d \u00e9 uma s\u00e9rie de impress\u00f5es em\u00a0<a class=\"x1i10hfl xjbqb8w x1ejq31n x18oe1m7 x1sy0etr xstzfhl x972fbf x10w94by x1qhh985 x14e42zd x9f619 x1ypdohk xt0psk2 x3ct3a4 xdj266r x14z9mp xat24cr x1lziwak xexx8yu xyri2b x18d9i69 x1c1uobl x16tdsg8 x1hl2dhg xggy1nq x1a2a7pz _aa9_ _a6hd\" tabindex=\"0\" role=\"link\" href=\"https:\/\/www.instagram.com\/explore\/tags\/xilogravura\/\">#xilogravura<\/a>, realizadas durante a mat\u00e9ria de mesmo nome no curso de Lic. em Artes Visuais da UEMG, inspirada na m\u00fasica Ancestral Infinito, da cantora X\u00eania Fran\u00e7a.<\/p>\n<p>O processo de cria\u00e7\u00e3o foi realizado com a t\u00e9cnica de placa perdida no lin\u00f3leo, onde a matriz foi inicialmente entalhada, criando a primeira camada azul\/vermelho. A segunda camada, preto, foi criada removendo mais algumas \u00e1reas da placa, deixando a mostra partes do que foi impresso em azul\/vermelho.<\/p>\n<p>Gravura feita com tinta de impress\u00e3o offset sob papel.<\/p>\n<p>5 gravuras vermelhas dispon\u00edveis<br \/>\n3 gravuras azuis dispon\u00edveis<\/p>\n<p>Tamanho: A3 29&#215;42 cm<\/p>\n<p>Cen\u00e1rio ilustrativo, n\u00e3o acompanha moldura. Pode contar pequenas marcas de impress\u00e3o.<\/p>\n","protected":false},"featured_media":2931,"comment_status":"open","ping_status":"closed","template":"","meta":[],"product_brand":[76],"product_cat":[65],"product_tag":[],"class_list":{"0":"post-2930","1":"product","2":"type-product","3":"status-publish","4":"has-post-thumbnail","6":"product_brand-gamba-martins","7":"product_cat-gravura","9":"first","10":"instock","11":"sale","12":"taxable","13":"shipping-taxable","14":"purchasable","15":"product-type-variable"},"yoast_head":"<!-- This site is optimized with the Yoast SEO plugin v27.3 - https:\/\/yoast.com\/product\/yoast-seo-wordpress\/ -->\n<title>Ancestral Maternal | Loja de arte online<\/title>\n<meta name=\"robots\" content=\"index, follow, max-snippet:-1, max-image-preview:large, max-video-preview:-1\" \/>\n<link rel=\"canonical\" href=\"https:\/\/banto.cc\/loja\/produto\/ancestral-maternal\/\" \/>\n<meta property=\"og:locale\" content=\"pt_BR\" \/>\n<meta property=\"og:type\" content=\"article\" \/>\n<meta property=\"og:title\" content=\"Ancestral Maternal | Loja de arte online\" \/>\n<meta property=\"og:description\" content=\"Ancestral Maternal\u201d \u00e9 uma s\u00e9rie de impress\u00f5es em\u00a0#xilogravura, realizadas durante a mat\u00e9ria de mesmo nome no curso de Lic. em Artes Visuais da UEMG, inspirada na m\u00fasica Ancestral Infinito, da cantora X\u00eania Fran\u00e7a.  O processo de cria\u00e7\u00e3o foi realizado com a t\u00e9cnica de placa perdida no lin\u00f3leo, onde a matriz foi inicialmente entalhada, criando a primeira camada azul\/vermelho. A segunda camada, preto, foi criada removendo mais algumas \u00e1reas da placa, deixando a mostra partes do que foi impresso em azul\/vermelho.  Gravura feita com tinta de impress\u00e3o offset sob papel.  5 gravuras vermelhas dispon\u00edveis 3 gravuras azuis dispon\u00edveis  Tamanho: A3 29x42 cm  Cen\u00e1rio ilustrativo, n\u00e3o acompanha moldura. Pode contar pequenas marcas de impress\u00e3o.\" \/>\n<meta property=\"og:url\" content=\"https:\/\/banto.cc\/loja\/produto\/ancestral-maternal\/\" \/>\n<meta property=\"og:site_name\" content=\"Loja de arte online\" \/>\n<meta property=\"article:publisher\" content=\"https:\/\/www.facebook.com\/bantocc\" \/>\n<meta property=\"article:modified_time\" content=\"2026-01-12T13:43:00+00:00\" \/>\n<meta property=\"og:image\" content=\"https:\/\/banto.cc\/loja\/wp-content\/uploads\/2025\/12\/futuro-ancesral-vermelho-1.jpg\" \/>\n\t<meta property=\"og:image:width\" content=\"2400\" \/>\n\t<meta property=\"og:image:height\" content=\"1600\" \/>\n\t<meta property=\"og:image:type\" content=\"image\/jpeg\" \/>\n<meta name=\"twitter:card\" content=\"summary_large_image\" \/>\n<meta name=\"twitter:site\" content=\"@CasaBanto\" \/>\n<script type=\"application\/ld+json\" class=\"yoast-schema-graph\">{\"@context\":\"https:\\\/\\\/schema.org\",\"@graph\":[{\"@type\":\"WebPage\",\"@id\":\"https:\\\/\\\/banto.cc\\\/loja\\\/produto\\\/ancestral-maternal\\\/\",\"url\":\"https:\\\/\\\/banto.cc\\\/loja\\\/produto\\\/ancestral-maternal\\\/\",\"name\":\"Ancestral Maternal | Loja de arte online\",\"isPartOf\":{\"@id\":\"https:\\\/\\\/banto.cc\\\/loja\\\/#website\"},\"primaryImageOfPage\":{\"@id\":\"https:\\\/\\\/banto.cc\\\/loja\\\/produto\\\/ancestral-maternal\\\/#primaryimage\"},\"image\":{\"@id\":\"https:\\\/\\\/banto.cc\\\/loja\\\/produto\\\/ancestral-maternal\\\/#primaryimage\"},\"thumbnailUrl\":\"https:\\\/\\\/banto.cc\\\/loja\\\/wp-content\\\/uploads\\\/2025\\\/12\\\/futuro-ancesral-vermelho-1.jpg\",\"datePublished\":\"2025-12-22T16:17:15+00:00\",\"dateModified\":\"2026-01-12T13:43:00+00:00\",\"breadcrumb\":{\"@id\":\"https:\\\/\\\/banto.cc\\\/loja\\\/produto\\\/ancestral-maternal\\\/#breadcrumb\"},\"inLanguage\":\"pt-BR\",\"potentialAction\":[{\"@type\":\"ReadAction\",\"target\":[\"https:\\\/\\\/banto.cc\\\/loja\\\/produto\\\/ancestral-maternal\\\/\"]}]},{\"@type\":\"ImageObject\",\"inLanguage\":\"pt-BR\",\"@id\":\"https:\\\/\\\/banto.cc\\\/loja\\\/produto\\\/ancestral-maternal\\\/#primaryimage\",\"url\":\"https:\\\/\\\/banto.cc\\\/loja\\\/wp-content\\\/uploads\\\/2025\\\/12\\\/futuro-ancesral-vermelho-1.jpg\",\"contentUrl\":\"https:\\\/\\\/banto.cc\\\/loja\\\/wp-content\\\/uploads\\\/2025\\\/12\\\/futuro-ancesral-vermelho-1.jpg\",\"width\":2400,\"height\":1600,\"caption\":\"Dark modern picture frame on a shelf with plants\"},{\"@type\":\"BreadcrumbList\",\"@id\":\"https:\\\/\\\/banto.cc\\\/loja\\\/produto\\\/ancestral-maternal\\\/#breadcrumb\",\"itemListElement\":[{\"@type\":\"ListItem\",\"position\":1,\"name\":\"In\u00edcio\",\"item\":\"https:\\\/\\\/banto.cc\\\/loja\\\/\"},{\"@type\":\"ListItem\",\"position\":2,\"name\":\"Loja de Artes\",\"item\":\"https:\\\/\\\/banto.cc\\\/loja\\\/produtos\\\/\"},{\"@type\":\"ListItem\",\"position\":3,\"name\":\"Ancestral Maternal\"}]},{\"@type\":\"WebSite\",\"@id\":\"https:\\\/\\\/banto.cc\\\/loja\\\/#website\",\"url\":\"https:\\\/\\\/banto.cc\\\/loja\\\/\",\"name\":\"Loja de Arte online | Banto Casa Criativa\",\"description\":\"Compre aquarelas, xilogravuras, impressos e mais!\",\"publisher\":{\"@id\":\"https:\\\/\\\/banto.cc\\\/loja\\\/#organization\"},\"alternateName\":\"Loja de Arte | Banto.CC\",\"potentialAction\":[{\"@type\":\"SearchAction\",\"target\":{\"@type\":\"EntryPoint\",\"urlTemplate\":\"https:\\\/\\\/banto.cc\\\/loja\\\/?s={search_term_string}\"},\"query-input\":{\"@type\":\"PropertyValueSpecification\",\"valueRequired\":true,\"valueName\":\"search_term_string\"}}],\"inLanguage\":\"pt-BR\"},{\"@type\":\"Organization\",\"@id\":\"https:\\\/\\\/banto.cc\\\/loja\\\/#organization\",\"name\":\"Loja de arte online\",\"url\":\"https:\\\/\\\/banto.cc\\\/loja\\\/\",\"logo\":{\"@type\":\"ImageObject\",\"inLanguage\":\"pt-BR\",\"@id\":\"https:\\\/\\\/banto.cc\\\/loja\\\/#\\\/schema\\\/logo\\\/image\\\/\",\"url\":\"https:\\\/\\\/banto.cc\\\/loja\\\/wp-content\\\/uploads\\\/2024\\\/11\\\/Prancheta-1-copia-3logo-loja-banto-site.png\",\"contentUrl\":\"https:\\\/\\\/banto.cc\\\/loja\\\/wp-content\\\/uploads\\\/2024\\\/11\\\/Prancheta-1-copia-3logo-loja-banto-site.png\",\"width\":150,\"height\":102,\"caption\":\"Loja de arte online\"},\"image\":{\"@id\":\"https:\\\/\\\/banto.cc\\\/loja\\\/#\\\/schema\\\/logo\\\/image\\\/\"},\"sameAs\":[\"https:\\\/\\\/www.facebook.com\\\/bantocc\",\"https:\\\/\\\/x.com\\\/CasaBanto\",\"https:\\\/\\\/www.instagram.com\\\/banto.cc\\\/\"]}]}<\/script>\n<!-- \/ Yoast SEO plugin. -->","yoast_head_json":{"title":"Ancestral Maternal | Loja de arte online","robots":{"index":"index","follow":"follow","max-snippet":"max-snippet:-1","max-image-preview":"max-image-preview:large","max-video-preview":"max-video-preview:-1"},"canonical":"https:\/\/banto.cc\/loja\/produto\/ancestral-maternal\/","og_locale":"pt_BR","og_type":"article","og_title":"Ancestral Maternal | Loja de arte online","og_description":"Ancestral Maternal\u201d \u00e9 uma s\u00e9rie de impress\u00f5es em\u00a0#xilogravura, realizadas durante a mat\u00e9ria de mesmo nome no curso de Lic. em Artes Visuais da UEMG, inspirada na m\u00fasica Ancestral Infinito, da cantora X\u00eania Fran\u00e7a.  O processo de cria\u00e7\u00e3o foi realizado com a t\u00e9cnica de placa perdida no lin\u00f3leo, onde a matriz foi inicialmente entalhada, criando a primeira camada azul\/vermelho. A segunda camada, preto, foi criada removendo mais algumas \u00e1reas da placa, deixando a mostra partes do que foi impresso em azul\/vermelho.  Gravura feita com tinta de impress\u00e3o offset sob papel.  5 gravuras vermelhas dispon\u00edveis 3 gravuras azuis dispon\u00edveis  Tamanho: A3 29x42 cm  Cen\u00e1rio ilustrativo, n\u00e3o acompanha moldura. Pode contar pequenas marcas de impress\u00e3o.","og_url":"https:\/\/banto.cc\/loja\/produto\/ancestral-maternal\/","og_site_name":"Loja de arte online","article_publisher":"https:\/\/www.facebook.com\/bantocc","article_modified_time":"2026-01-12T13:43:00+00:00","og_image":[{"width":2400,"height":1600,"url":"https:\/\/banto.cc\/loja\/wp-content\/uploads\/2025\/12\/futuro-ancesral-vermelho-1.jpg","type":"image\/jpeg"}],"twitter_card":"summary_large_image","twitter_site":"@CasaBanto","schema":{"@context":"https:\/\/schema.org","@graph":[{"@type":"WebPage","@id":"https:\/\/banto.cc\/loja\/produto\/ancestral-maternal\/","url":"https:\/\/banto.cc\/loja\/produto\/ancestral-maternal\/","name":"Ancestral Maternal | Loja de arte online","isPartOf":{"@id":"https:\/\/banto.cc\/loja\/#website"},"primaryImageOfPage":{"@id":"https:\/\/banto.cc\/loja\/produto\/ancestral-maternal\/#primaryimage"},"image":{"@id":"https:\/\/banto.cc\/loja\/produto\/ancestral-maternal\/#primaryimage"},"thumbnailUrl":"https:\/\/banto.cc\/loja\/wp-content\/uploads\/2025\/12\/futuro-ancesral-vermelho-1.jpg","datePublished":"2025-12-22T16:17:15+00:00","dateModified":"2026-01-12T13:43:00+00:00","breadcrumb":{"@id":"https:\/\/banto.cc\/loja\/produto\/ancestral-maternal\/#breadcrumb"},"inLanguage":"pt-BR","potentialAction":[{"@type":"ReadAction","target":["https:\/\/banto.cc\/loja\/produto\/ancestral-maternal\/"]}]},{"@type":"ImageObject","inLanguage":"pt-BR","@id":"https:\/\/banto.cc\/loja\/produto\/ancestral-maternal\/#primaryimage","url":"https:\/\/banto.cc\/loja\/wp-content\/uploads\/2025\/12\/futuro-ancesral-vermelho-1.jpg","contentUrl":"https:\/\/banto.cc\/loja\/wp-content\/uploads\/2025\/12\/futuro-ancesral-vermelho-1.jpg","width":2400,"height":1600,"caption":"Dark modern picture frame on a shelf with plants"},{"@type":"BreadcrumbList","@id":"https:\/\/banto.cc\/loja\/produto\/ancestral-maternal\/#breadcrumb","itemListElement":[{"@type":"ListItem","position":1,"name":"In\u00edcio","item":"https:\/\/banto.cc\/loja\/"},{"@type":"ListItem","position":2,"name":"Loja de Artes","item":"https:\/\/banto.cc\/loja\/produtos\/"},{"@type":"ListItem","position":3,"name":"Ancestral Maternal"}]},{"@type":"WebSite","@id":"https:\/\/banto.cc\/loja\/#website","url":"https:\/\/banto.cc\/loja\/","name":"Loja de Arte online | Banto Casa Criativa","description":"Compre aquarelas, xilogravuras, impressos e mais!","publisher":{"@id":"https:\/\/banto.cc\/loja\/#organization"},"alternateName":"Loja de Arte | Banto.CC","potentialAction":[{"@type":"SearchAction","target":{"@type":"EntryPoint","urlTemplate":"https:\/\/banto.cc\/loja\/?s={search_term_string}"},"query-input":{"@type":"PropertyValueSpecification","valueRequired":true,"valueName":"search_term_string"}}],"inLanguage":"pt-BR"},{"@type":"Organization","@id":"https:\/\/banto.cc\/loja\/#organization","name":"Loja de arte online","url":"https:\/\/banto.cc\/loja\/","logo":{"@type":"ImageObject","inLanguage":"pt-BR","@id":"https:\/\/banto.cc\/loja\/#\/schema\/logo\/image\/","url":"https:\/\/banto.cc\/loja\/wp-content\/uploads\/2024\/11\/Prancheta-1-copia-3logo-loja-banto-site.png","contentUrl":"https:\/\/banto.cc\/loja\/wp-content\/uploads\/2024\/11\/Prancheta-1-copia-3logo-loja-banto-site.png","width":150,"height":102,"caption":"Loja de arte online"},"image":{"@id":"https:\/\/banto.cc\/loja\/#\/schema\/logo\/image\/"},"sameAs":["https:\/\/www.facebook.com\/bantocc","https:\/\/x.com\/CasaBanto","https:\/\/www.instagram.com\/banto.cc\/"]}]}},"_links":{"self":[{"href":"https:\/\/banto.cc\/loja\/wp-json\/wp\/v2\/product\/2930","targetHints":{"allow":["GET"]}}],"collection":[{"href":"https:\/\/banto.cc\/loja\/wp-json\/wp\/v2\/product"}],"about":[{"href":"https:\/\/banto.cc\/loja\/wp-json\/wp\/v2\/types\/product"}],"replies":[{"embeddable":true,"href":"https:\/\/banto.cc\/loja\/wp-json\/wp\/v2\/comments?post=2930"}],"wp:featuredmedia":[{"embeddable":true,"href":"https:\/\/banto.cc\/loja\/wp-json\/wp\/v2\/media\/2931"}],"wp:attachment":[{"href":"https:\/\/banto.cc\/loja\/wp-json\/wp\/v2\/media?parent=2930"}],"wp:term":[{"taxonomy":"product_brand","embeddable":true,"href":"https:\/\/banto.cc\/loja\/wp-json\/wp\/v2\/product_brand?post=2930"},{"taxonomy":"product_cat","embeddable":true,"href":"https:\/\/banto.cc\/loja\/wp-json\/wp\/v2\/product_cat?post=2930"},{"taxonomy":"product_tag","embeddable":true,"href":"https:\/\/banto.cc\/loja\/wp-json\/wp\/v2\/product_tag?post=2930"}],"curies":[{"name":"wp","href":"https:\/\/api.w.org\/{rel}","templated":true}]}}