{"id":3078,"date":"2026-01-30T13:45:44","date_gmt":"2026-01-30T16:45:44","guid":{"rendered":"https:\/\/banto.cc\/loja\/?post_type=product&#038;p=3078"},"modified":"2026-01-30T13:45:44","modified_gmt":"2026-01-30T16:45:44","slug":"pintura-em-aquarela-igreja-n-s-dos-pretos-livres-paracatu","status":"publish","type":"product","link":"https:\/\/banto.cc\/loja\/produto\/pintura-em-aquarela-igreja-n-s-dos-pretos-livres-paracatu\/","title":{"rendered":"Pintura em aquarela: Igreja N.S dos Pretos Livres &#8211; Paracatu"},"content":{"rendered":"","protected":false},"excerpt":{"rendered":"<p data-start=\"788\" data-end=\"1172\">Esta aquarela retrata a Igreja de Nossa Senhora dos Pretos Livres, s\u00edmbolo hist\u00f3rico de resist\u00eancia, f\u00e9 e identidade negra em Paracatu. A arquitetura colonial \u00e9 representada com tra\u00e7os delicados e cores contidas, respeitando a for\u00e7a simb\u00f3lica do espa\u00e7o.<br data-start=\"1041\" data-end=\"1044\" \/>Uma obra que conecta arte, mem\u00f3ria e ancestralidade, ideal para quem valoriza patrim\u00f4nio cultural e narrativas afro-brasileiras.<\/p>\n<p data-start=\"1174\" data-end=\"1325\"><strong data-start=\"1174\" data-end=\"1186\">T\u00e9cnica:<\/strong> Aquarela sobre papel<\/p>\n<p data-start=\"1174\" data-end=\"1325\"><strong>Tamanho:<\/strong> 14 x 9,5 cm<\/p>\n","protected":false},"featured_media":3068,"comment_status":"open","ping_status":"closed","template":"","meta":[],"product_brand":[76],"product_cat":[62,63],"product_tag":[],"class_list":{"0":"post-3078","1":"product","2":"type-product","3":"status-publish","4":"has-post-thumbnail","6":"product_brand-gamba-martins","7":"product_cat-aquarela","8":"product_cat-pintura","10":"first","11":"instock","12":"taxable","13":"shipping-taxable","14":"purchasable","15":"product-type-simple"},"yoast_head":"<!-- This site is optimized with the Yoast SEO plugin v27.3 - https:\/\/yoast.com\/product\/yoast-seo-wordpress\/ -->\n<title>Pintura em aquarela: Igreja N.S dos Pretos Livres - Paracatu | Loja de arte online<\/title>\n<meta name=\"robots\" content=\"index, follow, max-snippet:-1, max-image-preview:large, max-video-preview:-1\" \/>\n<link rel=\"canonical\" href=\"https:\/\/banto.cc\/loja\/produto\/pintura-em-aquarela-igreja-n-s-dos-pretos-livres-paracatu\/\" \/>\n<meta property=\"og:locale\" content=\"pt_BR\" \/>\n<meta property=\"og:type\" content=\"article\" \/>\n<meta property=\"og:title\" content=\"Pintura em aquarela: Igreja N.S dos Pretos Livres - Paracatu | Loja de arte online\" \/>\n<meta property=\"og:description\" content=\"Esta aquarela retrata a Igreja de Nossa Senhora dos Pretos Livres, s\u00edmbolo hist\u00f3rico de resist\u00eancia, f\u00e9 e identidade negra em Paracatu. A arquitetura colonial \u00e9 representada com tra\u00e7os delicados e cores contidas, respeitando a for\u00e7a simb\u00f3lica do espa\u00e7o.Uma obra que conecta arte, mem\u00f3ria e ancestralidade, ideal para quem valoriza patrim\u00f4nio cultural e narrativas afro-brasileiras. T\u00e9cnica: Aquarela sobre papel Tamanho: 14 x 9,5 cm\" \/>\n<meta property=\"og:url\" content=\"https:\/\/banto.cc\/loja\/produto\/pintura-em-aquarela-igreja-n-s-dos-pretos-livres-paracatu\/\" \/>\n<meta property=\"og:site_name\" content=\"Loja de arte online\" \/>\n<meta property=\"article:publisher\" content=\"https:\/\/www.facebook.com\/bantocc\" \/>\n<meta property=\"og:image\" content=\"https:\/\/banto.cc\/loja\/wp-content\/uploads\/2026\/01\/IMG_3304.jpg\" \/>\n\t<meta property=\"og:image:width\" content=\"1020\" \/>\n\t<meta property=\"og:image:height\" content=\"700\" \/>\n\t<meta property=\"og:image:type\" content=\"image\/jpeg\" \/>\n<meta name=\"twitter:card\" content=\"summary_large_image\" \/>\n<meta name=\"twitter:site\" content=\"@CasaBanto\" \/>\n<meta name=\"twitter:label1\" content=\"Est. tempo de leitura\" \/>\n\t<meta name=\"twitter:data1\" content=\"1 minuto\" \/>\n<script type=\"application\/ld+json\" class=\"yoast-schema-graph\">{\"@context\":\"https:\\\/\\\/schema.org\",\"@graph\":[{\"@type\":\"WebPage\",\"@id\":\"https:\\\/\\\/banto.cc\\\/loja\\\/produto\\\/pintura-em-aquarela-igreja-n-s-dos-pretos-livres-paracatu\\\/\",\"url\":\"https:\\\/\\\/banto.cc\\\/loja\\\/produto\\\/pintura-em-aquarela-igreja-n-s-dos-pretos-livres-paracatu\\\/\",\"name\":\"Pintura em aquarela: Igreja N.S dos Pretos Livres - Paracatu | Loja de arte online\",\"isPartOf\":{\"@id\":\"https:\\\/\\\/banto.cc\\\/loja\\\/#website\"},\"primaryImageOfPage\":{\"@id\":\"https:\\\/\\\/banto.cc\\\/loja\\\/produto\\\/pintura-em-aquarela-igreja-n-s-dos-pretos-livres-paracatu\\\/#primaryimage\"},\"image\":{\"@id\":\"https:\\\/\\\/banto.cc\\\/loja\\\/produto\\\/pintura-em-aquarela-igreja-n-s-dos-pretos-livres-paracatu\\\/#primaryimage\"},\"thumbnailUrl\":\"https:\\\/\\\/banto.cc\\\/loja\\\/wp-content\\\/uploads\\\/2026\\\/01\\\/IMG_3304.jpg\",\"datePublished\":\"2026-01-30T16:45:44+00:00\",\"breadcrumb\":{\"@id\":\"https:\\\/\\\/banto.cc\\\/loja\\\/produto\\\/pintura-em-aquarela-igreja-n-s-dos-pretos-livres-paracatu\\\/#breadcrumb\"},\"inLanguage\":\"pt-BR\",\"potentialAction\":[{\"@type\":\"ReadAction\",\"target\":[\"https:\\\/\\\/banto.cc\\\/loja\\\/produto\\\/pintura-em-aquarela-igreja-n-s-dos-pretos-livres-paracatu\\\/\"]}]},{\"@type\":\"ImageObject\",\"inLanguage\":\"pt-BR\",\"@id\":\"https:\\\/\\\/banto.cc\\\/loja\\\/produto\\\/pintura-em-aquarela-igreja-n-s-dos-pretos-livres-paracatu\\\/#primaryimage\",\"url\":\"https:\\\/\\\/banto.cc\\\/loja\\\/wp-content\\\/uploads\\\/2026\\\/01\\\/IMG_3304.jpg\",\"contentUrl\":\"https:\\\/\\\/banto.cc\\\/loja\\\/wp-content\\\/uploads\\\/2026\\\/01\\\/IMG_3304.jpg\",\"width\":1020,\"height\":700},{\"@type\":\"BreadcrumbList\",\"@id\":\"https:\\\/\\\/banto.cc\\\/loja\\\/produto\\\/pintura-em-aquarela-igreja-n-s-dos-pretos-livres-paracatu\\\/#breadcrumb\",\"itemListElement\":[{\"@type\":\"ListItem\",\"position\":1,\"name\":\"In\u00edcio\",\"item\":\"https:\\\/\\\/banto.cc\\\/loja\\\/\"},{\"@type\":\"ListItem\",\"position\":2,\"name\":\"Loja de Artes\",\"item\":\"https:\\\/\\\/banto.cc\\\/loja\\\/produtos\\\/\"},{\"@type\":\"ListItem\",\"position\":3,\"name\":\"Pintura em aquarela: Igreja N.S dos Pretos Livres &#8211; Paracatu\"}]},{\"@type\":\"WebSite\",\"@id\":\"https:\\\/\\\/banto.cc\\\/loja\\\/#website\",\"url\":\"https:\\\/\\\/banto.cc\\\/loja\\\/\",\"name\":\"Loja de Arte online | Banto Casa Criativa\",\"description\":\"Compre aquarelas, xilogravuras, impressos e mais!\",\"publisher\":{\"@id\":\"https:\\\/\\\/banto.cc\\\/loja\\\/#organization\"},\"alternateName\":\"Loja de Arte | Banto.CC\",\"potentialAction\":[{\"@type\":\"SearchAction\",\"target\":{\"@type\":\"EntryPoint\",\"urlTemplate\":\"https:\\\/\\\/banto.cc\\\/loja\\\/?s={search_term_string}\"},\"query-input\":{\"@type\":\"PropertyValueSpecification\",\"valueRequired\":true,\"valueName\":\"search_term_string\"}}],\"inLanguage\":\"pt-BR\"},{\"@type\":\"Organization\",\"@id\":\"https:\\\/\\\/banto.cc\\\/loja\\\/#organization\",\"name\":\"Loja de arte online\",\"url\":\"https:\\\/\\\/banto.cc\\\/loja\\\/\",\"logo\":{\"@type\":\"ImageObject\",\"inLanguage\":\"pt-BR\",\"@id\":\"https:\\\/\\\/banto.cc\\\/loja\\\/#\\\/schema\\\/logo\\\/image\\\/\",\"url\":\"https:\\\/\\\/banto.cc\\\/loja\\\/wp-content\\\/uploads\\\/2024\\\/11\\\/Prancheta-1-copia-3logo-loja-banto-site.png\",\"contentUrl\":\"https:\\\/\\\/banto.cc\\\/loja\\\/wp-content\\\/uploads\\\/2024\\\/11\\\/Prancheta-1-copia-3logo-loja-banto-site.png\",\"width\":150,\"height\":102,\"caption\":\"Loja de arte online\"},\"image\":{\"@id\":\"https:\\\/\\\/banto.cc\\\/loja\\\/#\\\/schema\\\/logo\\\/image\\\/\"},\"sameAs\":[\"https:\\\/\\\/www.facebook.com\\\/bantocc\",\"https:\\\/\\\/x.com\\\/CasaBanto\",\"https:\\\/\\\/www.instagram.com\\\/banto.cc\\\/\"]}]}<\/script>\n<!-- \/ Yoast SEO plugin. -->","yoast_head_json":{"title":"Pintura em aquarela: Igreja N.S dos Pretos Livres - Paracatu | Loja de arte online","robots":{"index":"index","follow":"follow","max-snippet":"max-snippet:-1","max-image-preview":"max-image-preview:large","max-video-preview":"max-video-preview:-1"},"canonical":"https:\/\/banto.cc\/loja\/produto\/pintura-em-aquarela-igreja-n-s-dos-pretos-livres-paracatu\/","og_locale":"pt_BR","og_type":"article","og_title":"Pintura em aquarela: Igreja N.S dos Pretos Livres - Paracatu | Loja de arte online","og_description":"Esta aquarela retrata a Igreja de Nossa Senhora dos Pretos Livres, s\u00edmbolo hist\u00f3rico de resist\u00eancia, f\u00e9 e identidade negra em Paracatu. A arquitetura colonial \u00e9 representada com tra\u00e7os delicados e cores contidas, respeitando a for\u00e7a simb\u00f3lica do espa\u00e7o.Uma obra que conecta arte, mem\u00f3ria e ancestralidade, ideal para quem valoriza patrim\u00f4nio cultural e narrativas afro-brasileiras. T\u00e9cnica: Aquarela sobre papel Tamanho: 14 x 9,5 cm","og_url":"https:\/\/banto.cc\/loja\/produto\/pintura-em-aquarela-igreja-n-s-dos-pretos-livres-paracatu\/","og_site_name":"Loja de arte online","article_publisher":"https:\/\/www.facebook.com\/bantocc","og_image":[{"width":1020,"height":700,"url":"https:\/\/banto.cc\/loja\/wp-content\/uploads\/2026\/01\/IMG_3304.jpg","type":"image\/jpeg"}],"twitter_card":"summary_large_image","twitter_site":"@CasaBanto","twitter_misc":{"Est. tempo de leitura":"1 minuto"},"schema":{"@context":"https:\/\/schema.org","@graph":[{"@type":"WebPage","@id":"https:\/\/banto.cc\/loja\/produto\/pintura-em-aquarela-igreja-n-s-dos-pretos-livres-paracatu\/","url":"https:\/\/banto.cc\/loja\/produto\/pintura-em-aquarela-igreja-n-s-dos-pretos-livres-paracatu\/","name":"Pintura em aquarela: Igreja N.S dos Pretos Livres - Paracatu | Loja de arte online","isPartOf":{"@id":"https:\/\/banto.cc\/loja\/#website"},"primaryImageOfPage":{"@id":"https:\/\/banto.cc\/loja\/produto\/pintura-em-aquarela-igreja-n-s-dos-pretos-livres-paracatu\/#primaryimage"},"image":{"@id":"https:\/\/banto.cc\/loja\/produto\/pintura-em-aquarela-igreja-n-s-dos-pretos-livres-paracatu\/#primaryimage"},"thumbnailUrl":"https:\/\/banto.cc\/loja\/wp-content\/uploads\/2026\/01\/IMG_3304.jpg","datePublished":"2026-01-30T16:45:44+00:00","breadcrumb":{"@id":"https:\/\/banto.cc\/loja\/produto\/pintura-em-aquarela-igreja-n-s-dos-pretos-livres-paracatu\/#breadcrumb"},"inLanguage":"pt-BR","potentialAction":[{"@type":"ReadAction","target":["https:\/\/banto.cc\/loja\/produto\/pintura-em-aquarela-igreja-n-s-dos-pretos-livres-paracatu\/"]}]},{"@type":"ImageObject","inLanguage":"pt-BR","@id":"https:\/\/banto.cc\/loja\/produto\/pintura-em-aquarela-igreja-n-s-dos-pretos-livres-paracatu\/#primaryimage","url":"https:\/\/banto.cc\/loja\/wp-content\/uploads\/2026\/01\/IMG_3304.jpg","contentUrl":"https:\/\/banto.cc\/loja\/wp-content\/uploads\/2026\/01\/IMG_3304.jpg","width":1020,"height":700},{"@type":"BreadcrumbList","@id":"https:\/\/banto.cc\/loja\/produto\/pintura-em-aquarela-igreja-n-s-dos-pretos-livres-paracatu\/#breadcrumb","itemListElement":[{"@type":"ListItem","position":1,"name":"In\u00edcio","item":"https:\/\/banto.cc\/loja\/"},{"@type":"ListItem","position":2,"name":"Loja de Artes","item":"https:\/\/banto.cc\/loja\/produtos\/"},{"@type":"ListItem","position":3,"name":"Pintura em aquarela: Igreja N.S dos Pretos Livres &#8211; Paracatu"}]},{"@type":"WebSite","@id":"https:\/\/banto.cc\/loja\/#website","url":"https:\/\/banto.cc\/loja\/","name":"Loja de Arte online | Banto Casa Criativa","description":"Compre aquarelas, xilogravuras, impressos e mais!","publisher":{"@id":"https:\/\/banto.cc\/loja\/#organization"},"alternateName":"Loja de Arte | Banto.CC","potentialAction":[{"@type":"SearchAction","target":{"@type":"EntryPoint","urlTemplate":"https:\/\/banto.cc\/loja\/?s={search_term_string}"},"query-input":{"@type":"PropertyValueSpecification","valueRequired":true,"valueName":"search_term_string"}}],"inLanguage":"pt-BR"},{"@type":"Organization","@id":"https:\/\/banto.cc\/loja\/#organization","name":"Loja de arte online","url":"https:\/\/banto.cc\/loja\/","logo":{"@type":"ImageObject","inLanguage":"pt-BR","@id":"https:\/\/banto.cc\/loja\/#\/schema\/logo\/image\/","url":"https:\/\/banto.cc\/loja\/wp-content\/uploads\/2024\/11\/Prancheta-1-copia-3logo-loja-banto-site.png","contentUrl":"https:\/\/banto.cc\/loja\/wp-content\/uploads\/2024\/11\/Prancheta-1-copia-3logo-loja-banto-site.png","width":150,"height":102,"caption":"Loja de arte online"},"image":{"@id":"https:\/\/banto.cc\/loja\/#\/schema\/logo\/image\/"},"sameAs":["https:\/\/www.facebook.com\/bantocc","https:\/\/x.com\/CasaBanto","https:\/\/www.instagram.com\/banto.cc\/"]}]}},"_links":{"self":[{"href":"https:\/\/banto.cc\/loja\/wp-json\/wp\/v2\/product\/3078","targetHints":{"allow":["GET"]}}],"collection":[{"href":"https:\/\/banto.cc\/loja\/wp-json\/wp\/v2\/product"}],"about":[{"href":"https:\/\/banto.cc\/loja\/wp-json\/wp\/v2\/types\/product"}],"replies":[{"embeddable":true,"href":"https:\/\/banto.cc\/loja\/wp-json\/wp\/v2\/comments?post=3078"}],"wp:featuredmedia":[{"embeddable":true,"href":"https:\/\/banto.cc\/loja\/wp-json\/wp\/v2\/media\/3068"}],"wp:attachment":[{"href":"https:\/\/banto.cc\/loja\/wp-json\/wp\/v2\/media?parent=3078"}],"wp:term":[{"taxonomy":"product_brand","embeddable":true,"href":"https:\/\/banto.cc\/loja\/wp-json\/wp\/v2\/product_brand?post=3078"},{"taxonomy":"product_cat","embeddable":true,"href":"https:\/\/banto.cc\/loja\/wp-json\/wp\/v2\/product_cat?post=3078"},{"taxonomy":"product_tag","embeddable":true,"href":"https:\/\/banto.cc\/loja\/wp-json\/wp\/v2\/product_tag?post=3078"}],"curies":[{"name":"wp","href":"https:\/\/api.w.org\/{rel}","templated":true}]}}